{"id":38828,"date":"2024-04-09T19:32:07","date_gmt":"2024-04-09T16:32:07","guid":{"rendered":"https:\/\/www.kithera.gr\/informazioni-citera\/il-tempo-a-citera\/"},"modified":"2024-04-09T23:11:58","modified_gmt":"2024-04-09T20:11:58","slug":"il-tempo-a-citera","status":"publish","type":"page","link":"https:\/\/www.kithera.gr\/it\/informazioni-citera\/il-tempo-a-citera\/","title":{"rendered":"Il tempo a Citera"},"content":{"rendered":"\n<div class=\"page-container\">\r\n\r\n<div class=\"infobox\">\r\n<p><a href=\"https:\/\/www.kithera.gr\/it\/\">Citera<\/a> ha un clima mediterraneo temperato, con temperature miti durante tutto l&#8217;anno, l&#8217;estate \u00e8 un clima mediterraneo temperato mite ideale per le vacanze, e un clima rinfrescante vento d&#8217;estate. Citera in molte zone ha un&#8217;umidit\u00e0 intensa che pu\u00f2 essere elevata, anche in estate.<br\/>\r\nIn inverno la temperatura media di gennaio, che \u00e8 il mese pi\u00f9 freddo, \u00e8 intorno ai 10\u00b0C. In estate la temperatura media nel mese di agosto, il mese pi\u00f9 caldo, \u00e8 intorno ai 26\u00b0C.<br\/>\r\nPrecipitazioni: dicembre \u00e8 il mese pi\u00f9 piovoso, con una piovosit\u00e0 media di circa 95 mm.\r\nVento: il vento pu\u00f2 essere forte, soprattutto durante i mesi invernali. <br\/>\r\nInformatevi sul tempo a Citera e organizzate di conseguenza la vostra gita o il programma delle vacanze.<\/p>\r\n<\/div>\r\n\r\n\r\n<!-- \u039c\u03b5\u03bb\u03bb\u03bf\u03bd\u03c4\u03b9\u03ba\u03cc widget -->\r\n<div class=\"infobox\">\r\n <h3>Il tempo della settimana a Citera<\/h3>\r\n    <div class=\"tomorrow\" data-location-id=\"052830\" data-language=\"IT\" data-unit-system=\"METRIC\" data-skin=\"light\" data-widget-type=\"upcoming\" style=\"padding-bottom:22px;position:relative;\">\r\n<a href=\"https:\/\/www.tomorrow.io\/weather-api\/\" rel=\"nofollow noopener noreferrer\" target=\"_blank\" style=\"position: absolute; bottom: 0; transform: translateX(-50%); left: 50%;\">\r\n<img decoding=\"async\" alt=\"Powered by the Tomorrow.io Weather API\" src=\"https:\/\/weather-website-client.tomorrow.io\/img\/powered-by.svg\" width=\"250\" height=\"18\" title=\"\"><\/a> \r\n <\/div>\r\n<\/div>\r\n\r\n\r\n<!-- \u03a0\u03bf\u03b9\u03cc\u03c4\u03b7\u03c4\u03b1 \u0391\u03ad\u03c1\u03b1 \u03ba\u03b1\u03b9 \u03a1\u03cd\u03c0\u03bf\u03b9 widget -->\r\n<div class=\"infobox mgt30\">\r\n <h3>Qualit\u00e0 dell&#8217;aria e inquinanti a Citera<\/h3>\r\n    <div class=\"tomorrow\" data-location-id=\"052830\" data-language=\"IT\" data-unit-system=\"METRIC\" data-skin=\"light\" data-widget-type=\"aqiPollutant\" style=\"padding-bottom:22px;position:relative;\">\r\n          <a href=\"https:\/\/www.tomorrow.io\/weather-api\/\" rel=\"nofollow noopener noreferrer\" target=\"_blank\" style=\"position: absolute; bottom: 0; transform: translateX(-50%); left: 50%;\"> <img decoding=\"async\" alt=\"Powered by the Tomorrow.io Weather API\" src=\"https:\/\/weather-website-client.tomorrow.io\/img\/powered-by.svg\" width=\"250\" height=\"18\" title=\"\"><\/a>\r\n      <\/div>\r\n <\/div>\r\n\r\n<\/div>\r\n\r\n\r\n\r\n<script>\r\n        (function(d, s, id) {\r\n            if (d.getElementById(id)) {\r\n                if (window.__TOMORROW__) {\r\n                    window.__TOMORROW__.renderWidget();\r\n                }\r\n                return;\r\n            }\r\n            const fjs = d.getElementsByTagName(s)[0];\r\n            const js = d.createElement(s);\r\n            js.id = id;\r\n            js.src = \"https:\/\/www.tomorrow.io\/v1\/widget\/sdk\/sdk.bundle.min.js\";\r\n\r\n            fjs.parentNode.insertBefore(js, fjs);\r\n        })(document, 'script', 'tomorrow-sdk');\r\n<\/script>\r\n\r\n","protected":false},"excerpt":{"rendered":"<p>Citera ha un clima mediterraneo temperato, con temperature miti durante tutto l&#8217;anno, l&#8217;estate \u00e8 un clima mediterraneo temperato mite ideale per le vacanze, e un clima rinfrescante vento d&#8217;estate. Citera in molte zone ha un&#8217;umidit\u00e0 intensa che pu\u00f2 essere elevata, anche in estate. In inverno la temperatura media di gennaio, che \u00e8 il mese pi\u00f9 [&hellip;]<\/p>\n","protected":false},"author":1,"featured_media":28565,"parent":31227,"menu_order":0,"comment_status":"closed","ping_status":"closed","template":"template\/template-page.php","meta":{"footnotes":""},"class_list":["post-38828","page","type-page","status-publish","has-post-thumbnail","hentry"],"_links":{"self":[{"href":"https:\/\/www.kithera.gr\/it\/wp-json\/wp\/v2\/pages\/38828","targetHints":{"allow":["GET"]}}],"collection":[{"href":"https:\/\/www.kithera.gr\/it\/wp-json\/wp\/v2\/pages"}],"about":[{"href":"https:\/\/www.kithera.gr\/it\/wp-json\/wp\/v2\/types\/page"}],"author":[{"embeddable":true,"href":"https:\/\/www.kithera.gr\/it\/wp-json\/wp\/v2\/users\/1"}],"replies":[{"embeddable":true,"href":"https:\/\/www.kithera.gr\/it\/wp-json\/wp\/v2\/comments?post=38828"}],"version-history":[{"count":0,"href":"https:\/\/www.kithera.gr\/it\/wp-json\/wp\/v2\/pages\/38828\/revisions"}],"up":[{"embeddable":true,"href":"https:\/\/www.kithera.gr\/it\/wp-json\/wp\/v2\/pages\/31227"}],"wp:featuredmedia":[{"embeddable":true,"href":"https:\/\/www.kithera.gr\/it\/wp-json\/wp\/v2\/media\/28565"}],"wp:attachment":[{"href":"https:\/\/www.kithera.gr\/it\/wp-json\/wp\/v2\/media?parent=38828"}],"curies":[{"name":"wp","href":"https:\/\/api.w.org\/{rel}","templated":true}]}}