{"id":32322,"date":"2022-12-27T20:09:14","date_gmt":"2022-12-27T18:09:14","guid":{"rendered":"https:\/\/www.kithera.gr\/a-proposito-di-kithera-gr\/"},"modified":"2023-01-19T02:22:29","modified_gmt":"2023-01-19T00:22:29","slug":"a-proposito-di-kithera-gr","status":"publish","type":"page","link":"https:\/\/www.kithera.gr\/it\/a-proposito-di-kithera-gr\/","title":{"rendered":"A proposito di kithera.gr"},"content":{"rendered":"\n<div class=\"page-container\">\n\n<div class=\"infobox bg-1\">\n<h1>Informazioni su kithera.gr<\/h1>\n<p>Kithera.gr ~ Panorama \u00e8 il pi\u00f9 grande sito web di Citera e uno dei pi\u00f9 grandi in Grecia nella sua categoria. Mostra in dettaglio 21 villaggi, 33 spiagge, 16 monumenti, 8 aree naturali, 6 sentieri escursionistici, per un totale di 84 localit\u00e0 dell&#8217;isola, dove per ogni localit\u00e0 sono visualizzate 8-12 foto, per un totale di 520 foto, di cui 82 sono panoramica, 464 mappe stradali, dati e testi in tempo reale, attraverso una presentazione moderna di alto livello unico.<br>\nIl ricco materiale di Kithera.gr ~ Panorama viene visualizzato attraverso un ambiente piacevole e di facile fruizione, rivolto a un pubblico di tutte le et\u00e0, con l&#8217;obiettivo di conoscere adeguatamente l&#8217;isola, creando il loro desiderio di visitare l&#8217;isola di Heavenly Venere presto.<\/p>\n<\/div>\n\n<div class=\"2column-container\">\n<div class=\"two-column-wrapper\">\n<div class=\"pdt-7\">\n<p>Ringraziamo sinceramente tutti coloro che comunicano con noi e per i commenti positivi che ci sono stati inviati in merito a Kithera.gr ~ Panorama. <br>Continuiamo con la promessa di migliorare costantemente il livello di Kithera.gr ~ Panorama e invitando tutti quest&#8217;estate a conoscere la magica Citera e la sua gente ospitale!<br> Vi auguriamo una piacevole vacanza a Citera, l&#8217;isola di Ourania Afrodite e Pure Love!<\/p>\n<!--\n<b>\u0395\u03b3\u03b3\u03c1\u03b1\u03c6\u03ae \u03c3\u03c4\u03bf Newsletter \u03c4\u03b7\u03c2 Kithera.gr ~ Panorama<\/b><br>\n[wpforms id=\"32333\"]\n-->\n<\/div>\n\n<div class=\"half-box\">\n<img decoding=\"async\" src=\"https:\/\/www.kithera.gr\/wp-content\/uploads\/2022\/11\/Toulipes.jpg\" alt=\"\u03a3\u03c7\u03b5\u03c4\u03b9\u03ba\u03ac \u03bc\u03b5 \u03c4\u03b7\u03bd www.kithera.gr\" width=\"550\" height=\"550\" title=\"\">\n<\/div>\n<\/div>\n<\/div>\n\n<\/div>\n\n\n<style>\n.2column-container {\n  width: 100vw;\n  height: auto;\n}\n.two-column-wrapper {\n  padding: 20px;\n  display: flex;\n  flex-wrap: wrap;\n  justify-content: center;\n}\n.two-column-wrapper img {\n  width: 100%;\n}\n@media screen and (min-width: 700px) {\n  .two-column-wrapper {\n    padding: 30px;\n    max-width: 1260px;\n    margin: auto;\n  }\n  .two-column-wrapper > div {\n    flex: 1;\n    margin: 10px;\n  }\n}\n.text {\n  margin-bottom: 20px;\n}\n@media screen and (min-width: 700px) {\n  .text {\n    margin-bottom: 0;\n  }\n}\n.pdt-7 {padding-top:70px;}\n.pd-l5 {padding-left: 50px !important;}\n\ndiv.wpforms-container-full .wpforms-form textarea, div.wpforms-container-full .wpforms-form input[type=\"email\"], div.wpforms-container-full .wpforms-form input[type=\"text\"] {\n  border-radius: 4px; color: #444; border: 1px dotted #ccc; \n}\n div.wpforms-container-full .wpforms-form button[type=\"submit\"] { background-color: #fff;\nborder: 1px solid #ddd; border-radius: 4px; padding: 10px 30px 10px 30px;}\n<\/style>\n","protected":false},"excerpt":{"rendered":"<p>Informazioni su kithera.gr Kithera.gr ~ Panorama \u00e8 il pi\u00f9 grande sito web di Citera e uno dei pi\u00f9 grandi in Grecia nella sua categoria. Mostra in dettaglio 21 villaggi, 33 spiagge, 16 monumenti, 8 aree naturali, 6 sentieri escursionistici, per un totale di 84 localit\u00e0 dell&#8217;isola, dove per ogni localit\u00e0 sono visualizzate 8-12 foto, per [&hellip;]<\/p>\n","protected":false},"author":1,"featured_media":0,"parent":0,"menu_order":0,"comment_status":"closed","ping_status":"closed","template":"template\/template-homepage.php","meta":{"footnotes":""},"class_list":["post-32322","page","type-page","status-publish","hentry"],"_links":{"self":[{"href":"https:\/\/www.kithera.gr\/it\/wp-json\/wp\/v2\/pages\/32322","targetHints":{"allow":["GET"]}}],"collection":[{"href":"https:\/\/www.kithera.gr\/it\/wp-json\/wp\/v2\/pages"}],"about":[{"href":"https:\/\/www.kithera.gr\/it\/wp-json\/wp\/v2\/types\/page"}],"author":[{"embeddable":true,"href":"https:\/\/www.kithera.gr\/it\/wp-json\/wp\/v2\/users\/1"}],"replies":[{"embeddable":true,"href":"https:\/\/www.kithera.gr\/it\/wp-json\/wp\/v2\/comments?post=32322"}],"version-history":[{"count":0,"href":"https:\/\/www.kithera.gr\/it\/wp-json\/wp\/v2\/pages\/32322\/revisions"}],"wp:attachment":[{"href":"https:\/\/www.kithera.gr\/it\/wp-json\/wp\/v2\/media?parent=32322"}],"curies":[{"name":"wp","href":"https:\/\/api.w.org\/{rel}","templated":true}]}}