{"id":32286,"date":"2022-05-12T22:57:56","date_gmt":"2022-05-12T19:57:56","guid":{"rendered":"https:\/\/www.kithera.gr\/politica-sulla-riservatezza\/"},"modified":"2025-03-22T01:02:28","modified_gmt":"2025-03-21T23:02:28","slug":"politica-sulla-riservatezza","status":"publish","type":"page","link":"https:\/\/www.kithera.gr\/it\/politica-sulla-riservatezza\/","title":{"rendered":"Politica sulla riservatezza"},"content":{"rendered":"\n<div class=\"page-container\">\n<h1>Informativa sulla privacy<\/h1>\n<h2>Guida culturale e turistica di Citera<\/h2>\n<p><a href=\"https:\/\/www.kithera.gr\/it\/\">Citera &#8211; kithera.gr<\/a><\/p>\n<p><strong>Introduzione<\/strong><br\/>La presente Informativa sulla privacy copre kithera.gr per l&#8217;utilizzo delle informazioni personali che kithera.gr raccoglie quando si utilizza kithera.gr.<br\/><br\/>Da di volta in volta, potrebbe esserti chiesto se desideri inviare informazioni personali su di te (ad es. nome, cognome, numero di telefono e indirizzo e-mail) per ricevere o utilizzare i servizi sul nostro sito web. Tali servizi includono newsletter, comunicazioni con noi, fornitura di servizi e adesione a kithera.gr.<br\/><br\/>Inviando le tue informazioni personali nelle aree richieste, consenti a kithera.gr e ai suoi fornitori di servizi di fornirti con i servizi selezionati. Ogni volta che ci fornisci tali informazioni personali, elaboreremo le tue informazioni in conformit\u00e0 con la presente Informativa sulla privacy. Quando si utilizzano le informazioni personali, kithera.gr agir\u00e0 in conformit\u00e0 con la legislazione vigente.<\/p>\n<p><strong>Informazioni sui visitatori<\/strong><br\/>Durante qualsiasi visita a kithera.gr, le pagine che visualizzi, insieme a un piccolo file di testo chiamato cookie, vengono scaricate sul tuo computer. Tutti i siti lo fanno. Questo serve a ripetere una visita, dove controllano per trovare e vedere il cookie che \u00e8 stato lasciato l\u00ec dall&#8217;ultima visita.<\/p>\n<p><strong>Cosa sono i cookie<\/strong><br\/>Un cookie \u00e8 un piccolo file, che spesso include un identificatore univoco anonimo che viene inviato al tuo browser Internet (ad es. Internet Explorer, Mozilla, Firefox, Chrome, Opera ecc.), dal computer di un sito web ed \u00e8 memorizzato sul disco rigido del tuo computer. Qualsiasi sito Web pu\u00f2 inviare il suo cookie al tuo browser se le preferenze del browser lo consentono, ma (per proteggere la tua privacy) il tuo browser consente a un sito Web di accedere solo ai cookie che ti ha gi\u00e0 inviato, non ai cookie inviati da altri siti Web.<br\/><br\/>Molti siti Web eseguono questa operazione ogni volta che un utente visita il loro sito Web per monitorare i flussi di traffico online. Informazioni sui cookie per le preferenze online: gli utenti possono impostare i propri computer in modo da accettare tutti i cookie, o essere avvisati quando viene emesso un cookie o non ricevere mai cookie. Quest&#8217;ultimo, ovviamente, significa che alcuni servizi personalizzati non possono essere forniti a quell&#8217;utente e di conseguenza potresti non essere in grado di sfruttare appieno tutte le funzionalit\u00e0 di kithera.gr. Ogni browser web \u00e8 diverso, quindi controlla le opzioni di &#8220;aiuto&#8221; del tuo browser per sapere come modificare le tue preferenze sui cookie. Per ulteriori informazioni sui cookie, visitare: <a href=\"http:\/\/www.aboutcookies.org\" target=\"_blank\" rel=\"noopener\">aboutcookies.org<\/a>.<\/p><br\/><br\/><p><strong>Uso e archiviazione delle tue informazioni personali<\/strong><br\/>Quando fornisci informazioni personali a kithera.gr (ad esempio per la comunicazione, per fornire informazioni da kithera.gr o per l&#8217;iscrizione a kithera.gr) abbiamo degli obblighi legali nei tuoi confronti per come utilizziamo queste informazioni.<br\/><br\/>In generale, qualsiasi informazione fornita a kithera.gr verr\u00e0 utilizzata solo all&#8217;interno di kithera.gr. Le tue informazioni saranno divulgate solo quando richiesto o consentito dalla legge. Inoltre, se pubblichi o invii contenuti inappropriati, inappropriati o discutibili ovunque su kithera.gr o altrimenti intraprendi comportamenti di disturbo su kithera.gr, kithera.gr pu\u00f2 utilizzare qualsiasi informazione a tua disposizione per interrompere tale comportamento. Ci\u00f2 pu\u00f2 includere l&#8217;informazione di terze parti interessate, il tuo provider Internet e le forze dell&#8217;ordine, dei tuoi contenuti e della tua condotta.<br\/><br\/>Conserveremo le tue informazioni personali sui nostri sistemi per tutto il tempo in cui utilizzerai il servizio che hai richiesto e interrompere se il suo scopo \u00e8 stato completato o, nel caso dell&#8217;appartenenza a kithera.gr, non si desidera pi\u00f9 continuare la registrazione come membro di kithera.gr. Per motivi di sicurezza, tuttavia, kithera.gr pu\u00f2 archiviare i dati della copia del messaggio (inclusi il contenuto del messaggio, i nomi dei membri, gli orari e le date) risultanti dall&#8217;uso dei servizi di kithera.gr.<br\/><br\/> Se indichi in un&#8217;area di kithera.gr che le tue informazioni potrebbero essere utilizzate per consentire a kithera.gr di contattarti per &#8220;motivi di amministrazione del servizio&#8221;, ci\u00f2 significa che kithera.gr potrebbe contattarti per vari motivi relativi al servizio a cui ti sei registrato. Ad esempio, potremmo fornirti promemoria per la password o informarti che un particolare servizio \u00e8 stato sospeso per manutenzione. Non saremo contattati per scopi promozionali, come la notifica di miglioramenti del servizio o nuovi servizi su kithera.gr a \u200b\u200bmeno che tu non accetti espressamente di essere contattato per tali scopi quando invii le informazioni del tuo sito, o in un momento pi\u00f9 recente se ti iscrivi specificamente per ricevere tali informazioni promozionali.<\/p>\n<p><strong>Utenti di et\u00e0 inferiore ai 16 anni<\/strong><br\/>Se hai meno di 16 anni, ti preghiamo di ottenere l&#8217;autorizzazione dei tuoi genitori o tutori in anticipo ogni volta che fornisci le tue informazioni personali sul sito web kithera.gr. Gli utenti senza questo consenso non sono autorizzati a fornirci le loro informazioni personali.<\/p>\n<p><strong>Come disattivare<\/strong><br\/>Puoi anche gestire i cookie utilizzando i controlli del tuo browser. Per ulteriori informazioni su come puoi eliminare e controllare i cookie memorizzati sul tuo computer, <a href=\"http:\/\/www.allaboutcookies.org\/manage-cookies\/\" target=\"_blank\" rel=\"noopener\">vedi qui<\/a>.< br\/>Per Per ulteriori informazioni, visitare il sito Web <a href=\"http:\/\/www.youronlinechoices.com\/gr\/your-choices\/\" target=\"_blank\" rel=\"noopener\">IAB<\/a> e <a href=\"https:\/\/www.adobe.com\/\" target=\"_blank\" rel=\"noopener\">Adobe Flash<\/a>.<br\/>\nGuarda anche: <a href=\"https:\/\/www.kithera.gr\/it\/condizioni-duso\/\" data-type=\"URL\" data-id=\"https:\/\/www.kithera.gr\/it\/condizioni-duso\/\">Condizioni duso kithera.gr<\/a>.<\/p>\n<\/div>\n","protected":false},"excerpt":{"rendered":"<p>Informativa sulla privacy Guida culturale e turistica di Citera Citera &#8211; kithera.gr IntroduzioneLa presente Informativa sulla privacy copre kithera.gr per l&#8217;utilizzo delle informazioni personali che kithera.gr raccoglie quando si utilizza kithera.gr. Da di volta in volta, potrebbe esserti chiesto se desideri inviare informazioni personali su di te (ad es. nome, cognome, numero di telefono e [&hellip;]<\/p>\n","protected":false},"author":1,"featured_media":0,"parent":0,"menu_order":0,"comment_status":"closed","ping_status":"closed","template":"template\/template-homepage.php","meta":{"footnotes":""},"class_list":["post-32286","page","type-page","status-publish","hentry"],"_links":{"self":[{"href":"https:\/\/www.kithera.gr\/it\/wp-json\/wp\/v2\/pages\/32286","targetHints":{"allow":["GET"]}}],"collection":[{"href":"https:\/\/www.kithera.gr\/it\/wp-json\/wp\/v2\/pages"}],"about":[{"href":"https:\/\/www.kithera.gr\/it\/wp-json\/wp\/v2\/types\/page"}],"author":[{"embeddable":true,"href":"https:\/\/www.kithera.gr\/it\/wp-json\/wp\/v2\/users\/1"}],"replies":[{"embeddable":true,"href":"https:\/\/www.kithera.gr\/it\/wp-json\/wp\/v2\/comments?post=32286"}],"version-history":[{"count":0,"href":"https:\/\/www.kithera.gr\/it\/wp-json\/wp\/v2\/pages\/32286\/revisions"}],"wp:attachment":[{"href":"https:\/\/www.kithera.gr\/it\/wp-json\/wp\/v2\/media?parent=32286"}],"curies":[{"name":"wp","href":"https:\/\/api.w.org\/{rel}","templated":true}]}}