{"id":32222,"date":"2022-06-18T16:59:25","date_gmt":"2022-06-18T13:59:25","guid":{"rendered":"https:\/\/www.kithera.gr\/attivita-a-citera\/sport-acquatici-a-citera\/"},"modified":"2025-04-09T12:55:47","modified_gmt":"2025-04-09T09:55:47","slug":"sport-acquatici-a-citera","status":"publish","type":"page","link":"https:\/\/www.kithera.gr\/it\/attivita-a-citera\/sport-acquatici-a-citera\/","title":{"rendered":"Sport acquatici a Citera"},"content":{"rendered":"\n<div class=\"page-container\">\n<div class=\"infobox\">\n<h1>Sport acquatici a Citera<\/h1>\n<p><strong>Divertimento nei mari di Citera<\/strong><br>\nA Citera troverai spiagge incantevoli che soddisferanno i gusti anche dei pi\u00f9 esigenti, alcune di esse dispongono di infrastrutture per sport acquatici e giochi tra le onde che hanno dato i natali alla Venere celeste!<br\/>\nNella pittoresca Kapsali, all&#8217;estremit\u00e0 meridionale dell&#8217;isola, troverai tutto ci\u00f2 di cui hai bisogno per la tua attivit\u00e0 preferita. Con una <strong>sea bike<\/strong> o una canoa si pu\u00f2 fare un giro nell&#8217;incantevole baia con vista sul grande castello veneziano, anche gli appassionati di windsurf potranno godere di percorsi con vista sull&#8217;isola rocciosa unica di Khytra. Naturalmente gli amanti dello sci nautico troveranno da Panagiotis tutta l&#8217;attrezzatura necessaria, anche i principianti avranno la possibilit\u00e0 di prendere lezioni di sci, per le loro prime cavalcate sulle onde.<br\/>\nTroverai anche moto d&#8217;acqua e canoe presso le spiagge organizzate di Kaki Lagada, premiata con la Bandiera Blu e situata a nord-est dell&#8217;isola, presso la piccola ma pittoresca spiaggia di Melidoni a sud-ovest, presso grandi spiagge di Paleopoli e Komponada a ovest, presso la cosmopolita Agia Pelagia e la spiaggia di Fournoi situata nella parte settentrionale di Kythira.\n<\/p>\n<\/div>\n<div class=\"infobox bg-1\">\n<h1>PANAYOTIS ~~~ sport acquatici<\/h1>\n<b class=\"mgt30\">Kapsali, Tel: +30 27360 31004, +30 27360 34393, mob: +30 6944 263757, e-mail: panayoti@otenet.gr ~ <a href=\"https:\/\/panayotis-rent-a-car.gr\/ \" target=\"_blank\" rel=\"noopener\"> Guarda gli sport acquatici PANAYOTIS<\/a> \u27bc<\/b>\n<\/div>\n<hr\/><div class=\"infobox\">\n<h1>Immersioni a Citera<\/h1>\n\n<div class=\"page-img\">\n<img decoding=\"async\" src=\"https:\/\/kithera.gr\/wp-content\/uploads\/2022\/06\/kythiradive1.jpg\" alt=\"Immersioni a Citera\" width=\"1010\" height=\"474\" title=\"\">\n<\/div>\n<h2>Scopri il magico fondo di Citera!<\/h2><p>\nPer chi l&#8217;ha provata per la prima volta diventa subito un&#8217;esperienza di una vita e continua a godersela con maggiore passione per sempre. Non \u00e8 un caso che uno sport che riguarda grandi e piccini stia prendendo sempre pi\u00f9 piede, soprattutto in un paese come la Grecia dalle spiagge sconfinate e dai fondali meravigliosi. \u00c8 davvero difficile esprimere a parole la sensazione di assoluta libert\u00e0 che si prova nel galleggiare in acqua, che unita all&#8217;incantevole ambiente naturale dei fondali, e alla scoperta di paesaggi unici che catturano l&#8217;occhio e l&#8217;anima, fanno delle immersioni il il miglior sport dell&#8217;estate.<br\/><br\/>\n\nDall&#8217;estate del 2013, nella pittoresca Kapsali, che si trova a sud di Citera, la prima scuola di immersioni dell&#8217;isola, il <strong>Kythera Dive Center<\/strong>, ha iniziato la sua attivit\u00e0. A pochi metri dall&#8217;acqua, il rifugio \u00e8 dotato di moderne attrezzature subacquee, su una spiaggia meravigliosa dove non devi nemmeno camminare, ti immergi in acque turchesi! Canne per l&#8217;ombra, panche di legno per la preparazione ei piedi bagnati dal mare.<br\/>\nKythera Dive Center combina la bellezza della pittoresca Kapsali con gli standard impeccabili della pi\u00f9 grande organizzazione mondiale di addestramento subacqueo PADI, i severi standard di ispezione e certificazione di BUREAU VERITAS, la sicurezza di DAN, il primo soccorso di EFR e la sensibilit\u00e0 ambientale di PROJECT AWARE .<br\/>\n\u00c8 un mondo nuovo che grazie agli standard sicuri di PADI, alla passione, all&#8217;amore sconfinato per il mare e alle condizioni climatiche e geografiche molto favorevoli \u00e8 accessibile con comodit\u00e0 e sicurezza per tutti!<br\/><br\/>\nContatto e informazioni Giorgos Lampoglou, al +30 694 4314152, email: info@kytheradive.gr vedi anche di pi\u00f9 sul sito web di <a href=\"https:\/\/www.kytheradive.gr\" target=\"_blank\" rel=\"noopener\">Kythera Dive Center<\/a>\n<\/p>\n<\/div>\n<\/div>\n\n\n\n<p><\/p>\n","protected":false},"excerpt":{"rendered":"<p>Sport acquatici a Citera Divertimento nei mari di Citera A Citera troverai spiagge incantevoli che soddisferanno i gusti anche dei pi\u00f9 esigenti, alcune di esse dispongono di infrastrutture per sport acquatici e giochi tra le onde che hanno dato i natali alla Venere celeste! Nella pittoresca Kapsali, all&#8217;estremit\u00e0 meridionale dell&#8217;isola, troverai tutto ci\u00f2 di cui [&hellip;]<\/p>\n","protected":false},"author":1,"featured_media":0,"parent":32216,"menu_order":0,"comment_status":"closed","ping_status":"closed","template":"template\/template-homepage.php","meta":{"footnotes":""},"class_list":["post-32222","page","type-page","status-publish","hentry"],"_links":{"self":[{"href":"https:\/\/www.kithera.gr\/it\/wp-json\/wp\/v2\/pages\/32222","targetHints":{"allow":["GET"]}}],"collection":[{"href":"https:\/\/www.kithera.gr\/it\/wp-json\/wp\/v2\/pages"}],"about":[{"href":"https:\/\/www.kithera.gr\/it\/wp-json\/wp\/v2\/types\/page"}],"author":[{"embeddable":true,"href":"https:\/\/www.kithera.gr\/it\/wp-json\/wp\/v2\/users\/1"}],"replies":[{"embeddable":true,"href":"https:\/\/www.kithera.gr\/it\/wp-json\/wp\/v2\/comments?post=32222"}],"version-history":[{"count":0,"href":"https:\/\/www.kithera.gr\/it\/wp-json\/wp\/v2\/pages\/32222\/revisions"}],"up":[{"embeddable":true,"href":"https:\/\/www.kithera.gr\/it\/wp-json\/wp\/v2\/pages\/32216"}],"wp:attachment":[{"href":"https:\/\/www.kithera.gr\/it\/wp-json\/wp\/v2\/media?parent=32222"}],"curies":[{"name":"wp","href":"https:\/\/api.w.org\/{rel}","templated":true}]}}