{"id":32083,"date":"2022-06-17T13:17:47","date_gmt":"2022-06-17T10:17:47","guid":{"rendered":"https:\/\/www.kithera.gr\/?page_id=32083"},"modified":"2025-03-08T14:43:32","modified_gmt":"2025-03-08T12:43:32","slug":"vita-notturna-a-citera","status":"publish","type":"page","link":"https:\/\/www.kithera.gr\/it\/uscita-a-citera\/vita-notturna-a-citera\/","title":{"rendered":"Vita notturna a Citera"},"content":{"rendered":"\n<div class=\"page-container\">\n<div class=\"infobox\">\n<h1>Vita notturna a Citera<\/h1>\n\n<p>Citera \u00e8 nota per la sua bellezza paesaggistica, l&#8217;atmosfera tranquilla e i siti storici. Tuttavia, potrebbe non avere la vivace vita notturna rispetto alle destinazioni turistiche pi\u00f9 grandi e conosciute. Del resto, anche questo \u00e8 un elemento positivo per chi sceglie Citera per le proprie vacanze estive, perch\u00e9 vuole semplicemente scappare dall&#8217;affollamento e dall&#8217;eccessiva tensione. Nonostante questo, l&#8217;isola ha da offrire diversi interessanti modi di intrattenimento notturno che soddisferanno sicuramente anche i gusti pi\u00f9 difficili.<br>\nLa maggior parte della vita notturna di Citera \u00e8 incentrata sulle taverne e ristoranti locali, immersi in meravigliosi ambienti naturali e residenziali, dove si pu\u00f2 gustare il proprio pasto mentre si provano le ricette locali, nei caff\u00e8 e nei bar che offrono un&#8217;atmosfera rilassata con una splendida vista dove si pu\u00f2 gustare il proprio drink con la propria compagnia in un ambiente suggestivo e socializzare con la gente del posto.<br>\nCi sono alcuni bar che offrono musica dal vivo. Ci sono anche alcune discoteche che restano aperte fino a tarda mattinata per chi desidera un divertimento pi\u00f9 intenso.<br>\nInoltre, ogni estate vengono organizzate le famose feste popolari o balli con musica tradizionale, cibo e baldoria fino al mattino per la gente del posto e per i visitatori dell&#8217;isola. Anche per gli amanti delle feste, su diverse spiagge dell&#8217;isola vengono organizzate splendide serate con famosi DJ, che attirano i giovani dell&#8217;isola per un&#8217;intensa baldoria fino al mattino.<br>\nIl festival del Comune di Kythira concentra il suo programma sull&#8217;intera gamma di attivit\u00e0 artistiche dalle arti visive, teatro, spettacoli musicali e altri importanti eventi artistici che raccolgono l&#8217;interesse del pubblico.<br>\nNel complesso, la vita notturna di Citera \u00e8 l&#8217;ideale per chi cerca una vacanza tranquilla e rilassata con intrattenimento di qualit\u00e0.\n<\/p>\n\n<\/div>\n<\/div>\n","protected":false},"excerpt":{"rendered":"<p>Vita notturna a Citera Citera \u00e8 nota per la sua bellezza paesaggistica, l&#8217;atmosfera tranquilla e i siti storici. Tuttavia, potrebbe non avere la vivace vita notturna rispetto alle destinazioni turistiche pi\u00f9 grandi e conosciute. Del resto, anche questo \u00e8 un elemento positivo per chi sceglie Citera per le proprie vacanze estive, perch\u00e9 vuole semplicemente scappare [&hellip;]<\/p>\n","protected":false},"author":1,"featured_media":18853,"parent":32046,"menu_order":0,"comment_status":"closed","ping_status":"closed","template":"template\/template-homepage.php","meta":{"footnotes":""},"class_list":["post-32083","page","type-page","status-publish","has-post-thumbnail","hentry"],"_links":{"self":[{"href":"https:\/\/www.kithera.gr\/it\/wp-json\/wp\/v2\/pages\/32083","targetHints":{"allow":["GET"]}}],"collection":[{"href":"https:\/\/www.kithera.gr\/it\/wp-json\/wp\/v2\/pages"}],"about":[{"href":"https:\/\/www.kithera.gr\/it\/wp-json\/wp\/v2\/types\/page"}],"author":[{"embeddable":true,"href":"https:\/\/www.kithera.gr\/it\/wp-json\/wp\/v2\/users\/1"}],"replies":[{"embeddable":true,"href":"https:\/\/www.kithera.gr\/it\/wp-json\/wp\/v2\/comments?post=32083"}],"version-history":[{"count":0,"href":"https:\/\/www.kithera.gr\/it\/wp-json\/wp\/v2\/pages\/32083\/revisions"}],"up":[{"embeddable":true,"href":"https:\/\/www.kithera.gr\/it\/wp-json\/wp\/v2\/pages\/32046"}],"wp:featuredmedia":[{"embeddable":true,"href":"https:\/\/www.kithera.gr\/it\/wp-json\/wp\/v2\/media\/18853"}],"wp:attachment":[{"href":"https:\/\/www.kithera.gr\/it\/wp-json\/wp\/v2\/media?parent=32083"}],"curies":[{"name":"wp","href":"https:\/\/api.w.org\/{rel}","templated":true}]}}