{"id":31996,"date":"2022-05-12T15:21:49","date_gmt":"2022-05-12T12:21:49","guid":{"rendered":"https:\/\/www.kithera.gr\/?page_id=31996"},"modified":"2025-04-09T18:58:25","modified_gmt":"2025-04-09T15:58:25","slug":"trasferimento-a-citera","status":"publish","type":"page","link":"https:\/\/www.kithera.gr\/it\/trasferimento-a-citera\/","title":{"rendered":"Trasferimento a Citera"},"content":{"rendered":"\n<div class=\"page-container\">\n\n<div class=\"infobox bg-4\">\n<h1>Trasferimento a Citera<\/h1>\n<p>Muoversi a <strong>Citera<\/strong> \u00e8 piuttosto semplice e i visitatori che desiderano esplorare l&#8217;isola hanno diverse opzioni a disposizione. Sebbene Citera sia un&#8217;isola relativamente piccola, la sua rete stradale copre tutti i principali punti di interesse e le opzioni di trasporto garantiscono comfort e flessibilit\u00e0.<br>\nIl mezzo di trasporto pi\u00f9 diffuso \u00e8 il noleggio di un&#8217;auto. Al porto, all&#8217;aeroporto e in vari villaggi dell&#8217;isola sono presenti diverse compagnie che offrono il noleggio di auto e scooter. Noleggiare un veicolo \u00e8 la soluzione ideale per chi desidera esplorare comodamente le spiagge, le attrazioni turistiche e i villaggi remoti di Citera.<br>\nSull&#8217;isola \u00e8 disponibile un servizio taxi, che copre sia i trasporti di base (aeroporto, porto, villaggi) sia percorsi pi\u00f9 personalizzati su richiesta. Si consiglia di prenotare in anticipo, soprattutto durante la stagione turistica, per assicurarsi la disponibilit\u00e0.<br>\nLa rete stradale dell&#8217;isola \u00e8 piuttosto buona e sicura, con strade asfaltate che collegano la maggior parte dei villaggi e delle spiagge. Tuttavia, in alcune zone, soprattutto in prossimit\u00e0 di spiagge isolate o villaggi pi\u00f9 montuosi, le strade potrebbero essere strette o tortuose, quindi \u00e8 necessario prestare attenzione.<\/p>\n<\/div>\n\n<div class=\"masonry-wrapper\">\n\n<div class=\"tall img-overlay\"><img decoding=\"async\" src=\"https:\/\/www.kithera.gr\/wp-content\/uploads\/2022\/06\/taxi-kythiron.jpg\" alt=\"TAXI citera\" title=\"\">\n<div class=\"box\">\n<h3>\u03a4\u0391\u03a7\u0399<\/h3>\n<p>Elenco telefonico degli automobilisti di Citera. \u27bc<\/p>\n<\/div>\n<a class=\"masonry_link\" href=\"https:\/\/www.kithera.gr\/it\/trasferimento-a-citera\/taxi-a-citera\/\"><\/a>\n<\/div>\n\n<div class=\"wide img-overlay\"><img decoding=\"async\" src=\"https:\/\/www.kithera.gr\/wp-content\/uploads\/2022\/06\/rent-cars-kythira.jpg\" alt=\"Trasferimento a Citera\" title=\"\">\n<div class=\"box\">\n<h3>NOLEGGIO AUTO<\/h3>\n<p>Automobili, Jeep, Due ruote, Biciclette, Biciclette elettriche. \u27bc<\/p>\n<\/div>\n<a class=\"masonry_link\" href=\"https:\/\/www.kithera.gr\/it\/trasferimento-a-citera\/autonoleggio-a-citera\/\"><\/a>\n<\/div>\n\n<div class=\"smole img-overlay\"><img decoding=\"async\" src=\"https:\/\/www.kithera.gr\/wp-content\/uploads\/2022\/06\/topiki_sygkoinonia.jpg\" alt=\"Trasporto locale Citera\" title=\"\">\n<div class=\"box\">\n<h3>COMUNICAZIONE LOCALE<\/h3>\n<p>Linee di autobus locali. \u27bc<\/p>\n<\/div>\n<a class=\"masonry_link\" href=\"https:\/\/www.kithera.gr\/it\/trasferimento-a-citera\/trasporto-locale-a-citera\/\"><\/a>\n<\/div>\n\n<div class=\"smole img-overlay\"><img decoding=\"async\" src=\"https:\/\/www.kithera.gr\/wp-content\/uploads\/2022\/06\/odiko-diktyo-kythira.jpg\" alt=\"Rete stradale a Citera\" title=\"\">\n<div class=\"box\">\n<h3>RETE STRADALE<\/h3> \n<p>Strade asfaltate, Strade sterrate, Distributori di benzina. \u27bc<\/p>\n<\/div>\n<a class=\"masonry_link\" href=\"https:\/\/www.kithera.gr\/it\/trasferimento-a-citera\/rete-viaria-di-citera\/\"><\/a>\n<\/div>\n\n<\/div><!-- masonry-wrapper -->\n\n<div class=\"infobox\">\n<h2>Consigli utili per una piacevole vacanza a Citera.<\/h2>\n<p>Il primo passo per organizzare in modo semplice e veloce le tue vacanze estive \u00e8 informarti sulle tratte in nave, aereo o autobus da Atene a Citera, a seconda del mezzo con cui vuoi raggiungere l&#8217;isola di Afrodite.\nSoprattutto durante la stagione estiva, occupati dell&#8217;emissione dei tuoi biglietti per tempo, a patto di portare l&#8217;auto con te, il prima possibile prima della data di partenza, e di prenotare il tuo alloggio.\n\u00c8 importante non dimenticare di portare con s\u00e9 la carta d&#8217;identit\u00e0, il passaporto, la patente di guida o qualsiasi altro documento necessario per potersi imbarcare sulla nave o sull&#8217;aereo.\nScopri quali sono le attuali misure contro il covid-19 per chi viaggia.<\/p>\n<\/div>\n\n<div class=\"page-quote\">\n<h3>Consigli per i visitatori di Citera<\/h3>\n<p>Noleggiare un&#8217;auto o uno scooter \u00e8 la soluzione pi\u00f9 pratica per conoscere l&#8217;isola. <br>\n\u2714 Si consiglia di prenotare prima dell&#8217;arrivo, soprattutto nei mesi estivi, poich\u00e9 la disponibilit\u00e0 si limita rapidamente. Preferire veicoli dotati di un buon impianto di aria condizionata e sospensioni soddisfacenti, perch\u00e9 alcune strade sono irregolari. Se scegliete uno scooter, assicuratevi di avere esperienza e di indossare il casco, alcuni percorsi presentano curve strette e discese.<br>\n\u2714 Sull&#8217;isola sono disponibili taxi ed \u00e8 consigliabile organizzare il trasporto in anticipo, soprattutto per gli spostamenti da e per il porto o l&#8217;aeroporto. Richiedi un preventivo in anticipo, poich\u00e9 i prezzi variano a seconda della distanza e del tempo impiegato.<br>\n\u2714 La rete stradale di Citera \u00e8 generalmente buona, con strade asfaltate che collegano la maggior parte dei villaggi e delle spiagge. Tenete per\u00f2 presente che in alcune zone isolate le strade sono strette, tortuose e non illuminate di notte. Guida con prudenza e rispetta rigorosamente i limiti di velocit\u00e0, soprattutto sulle strade sterrate che portano alle spiagge pi\u00f9 frequentate. Avere sempre abbastanza carburante, perch\u00e9 le stazioni di servizio non sono ovunque. La segnaletica \u00e8 generalmente adeguata, anche se l&#8217;uso del GPS o delle mappe pu\u00f2 rivelarsi utile.<\/p>\n<\/div>\n\n<\/div>\n","protected":false},"excerpt":{"rendered":"<p>Trasferimento a Citera Muoversi a Citera \u00e8 piuttosto semplice e i visitatori che desiderano esplorare l&#8217;isola hanno diverse opzioni a disposizione. Sebbene Citera sia un&#8217;isola relativamente piccola, la sua rete stradale copre tutti i principali punti di interesse e le opzioni di trasporto garantiscono comfort e flessibilit\u00e0. Il mezzo di trasporto pi\u00f9 diffuso \u00e8 il [&hellip;]<\/p>\n","protected":false},"author":1,"featured_media":27519,"parent":0,"menu_order":0,"comment_status":"closed","ping_status":"closed","template":"template\/template-homepage.php","meta":{"footnotes":""},"class_list":["post-31996","page","type-page","status-publish","has-post-thumbnail","hentry"],"_links":{"self":[{"href":"https:\/\/www.kithera.gr\/it\/wp-json\/wp\/v2\/pages\/31996","targetHints":{"allow":["GET"]}}],"collection":[{"href":"https:\/\/www.kithera.gr\/it\/wp-json\/wp\/v2\/pages"}],"about":[{"href":"https:\/\/www.kithera.gr\/it\/wp-json\/wp\/v2\/types\/page"}],"author":[{"embeddable":true,"href":"https:\/\/www.kithera.gr\/it\/wp-json\/wp\/v2\/users\/1"}],"replies":[{"embeddable":true,"href":"https:\/\/www.kithera.gr\/it\/wp-json\/wp\/v2\/comments?post=31996"}],"version-history":[{"count":0,"href":"https:\/\/www.kithera.gr\/it\/wp-json\/wp\/v2\/pages\/31996\/revisions"}],"wp:featuredmedia":[{"embeddable":true,"href":"https:\/\/www.kithera.gr\/it\/wp-json\/wp\/v2\/media\/27519"}],"wp:attachment":[{"href":"https:\/\/www.kithera.gr\/it\/wp-json\/wp\/v2\/media?parent=31996"}],"curies":[{"name":"wp","href":"https:\/\/api.w.org\/{rel}","templated":true}]}}