{"id":31679,"date":"2022-05-12T15:21:28","date_gmt":"2022-05-12T12:21:28","guid":{"rendered":"https:\/\/www.kithera.gr\/?page_id=31679"},"modified":"2025-04-09T18:53:14","modified_gmt":"2025-04-09T15:53:14","slug":"itinerari-citera","status":"publish","type":"page","link":"https:\/\/www.kithera.gr\/it\/itinerari-citera\/","title":{"rendered":"Itinerari per Citera"},"content":{"rendered":"\n<div class=\"page-container\">\n\n<div class=\"infobox bg-1\">\n<h1>Itinerari Biglietti per Citera<\/h1>\n<p><strong>Costiera<\/strong> con la nave AQUA JEWEL con collegamenti dal porto del Pireo, Gythio di Laconia, Kasteli di Creta e Kalamata. Il traghetto PORPHYROUSA effettua anche corse giornaliere da Neapoli Laconia.<br \/>\n<strong>In auto<\/strong> attraverso il Peloponneso con la tua auto, o con gli autobus KTEL Lakonia, partendo da Atene e andando a Neapolis o Gytheio.<br \/>\n<strong>In aereo<\/strong> con le rotte AEGEAN dall&#8217;aeroporto Eleftherios Venizelos, e con SKY Express da Atene, e Heraklion, Zante, Cefalonia, Aktio, Corf\u00f9, durante la stagione estiva.<\/p>\n<\/div>\n\n<div class=\"masonry-wrapper\">\n\n<div class=\"tall img-overlay\"><img decoding=\"async\" src=\"https:\/\/www.kithera.gr\/wp-content\/uploads\/2022\/06\/dromologia-aeroplanon-kythira.jpg\" alt=\"Itinerari per Citera\" title=\"\">\n<div class=\"box\">\n<h3>IN AEREO<\/h3>\n<p>Itinerari di AEGEAN AIR e SKY EXPRESS per Citera \u27bc<\/p>\n<\/div>\n<a class=\"masonry_link\" href=\"https:\/\/www.kithera.gr\/it\/itinerari-citera\/itinerari-aereo-citera\/\"><\/a>\n<\/div>\n\n<div class=\"wide img-overlay\"><img decoding=\"async\" src=\"https:\/\/www.kithera.gr\/wp-content\/uploads\/2022\/06\/dromologia-ploion-kythira.jpg\" alt=\"Orari dei traghetti per Citera\" title=\"\">\n<div class=\"box\">\n<h3>IN NAVE<\/h3>\n<p>Itinerari e Biglietti per la nave AQUA JEWEL dal Pireo e PORPHYROUSSA da Neapoli \u27bc<\/p>\n<\/div>\n<a class=\"masonry_link\" href=\"https:\/\/www.kithera.gr\/it\/itinerari-citera\/itinerari-traghetti-citera\/\"><\/a>\n<\/div>\n\n<div class=\"smole img-overlay\"><img decoding=\"async\" src=\"https:\/\/www.kithera.gr\/wp-content\/uploads\/2022\/06\/odikos-kythira.jpg\" alt=\"Itinerari per Citera\" title=\"\">\n<div class=\"box\">\n<h3>SU STRADA<\/h3>\n<p>Viaggia con la tua auto a Gythio, Neapoli e Kissamos \u27bc<\/p>\n<\/div>\n<a class=\"masonry_link\" href=\"https:\/\/www.kithera.gr\/it\/itinerari-citera\/su-strada-fino-citera\/\"><\/a>\n<\/div>\n\n<div class=\"smole img-overlay\"><img decoding=\"async\" src=\"https:\/\/www.kithera.gr\/wp-content\/uploads\/2022\/06\/dromologeia-leoforeion-kythira.jpg\" alt=\"Linee di autobus per Citera\" title=\"\">\n<div class=\"box\">\n<h3>AUTOBUS<\/h3>\n<p>Rotte da Atene a Kythira con KTEL Lakonia \u27bc<\/p>\n<\/div>\n<a class=\"masonry_link\" href=\"https:\/\/www.kithera.gr\/it\/itinerari-citera\/autobus-citera\/\"><\/a>\n<\/div>\n\n<\/div>\n\n\n<div class=\"infobox\">\n<h2>Consigli utili per una piacevole vacanza a Citera.<\/h2>\n<p>Il primo passo per organizzare in modo semplice e veloce le tue vacanze estive \u00e8 informarti sulle tratte in nave, aereo o autobus da Atene a Citera, a seconda del mezzo con cui vuoi raggiungere l&#8217;isola di Afrodite.\nSoprattutto durante la stagione estiva, occupati dell&#8217;emissione dei tuoi biglietti per tempo, a patto di portare l&#8217;auto con te, il prima possibile prima della data di partenza, e di prenotare il tuo alloggio.\n\u00c8 importante non dimenticare di portare con s\u00e9 la carta d&#8217;identit\u00e0, il passaporto, la patente di guida o qualsiasi altro documento necessario per potersi imbarcare sulla nave o sull&#8217;aereo.\nScopri quali sono le attuali misure contro il covid-19 per chi viaggia.<br \/>\nGuarda le previsioni meteo settimanali, scopri <a href=\"https:\/\/www.kithera.gr\/it\/informazioni-citera\/il-tempo-a-citera\/\">il tempo a Citera<\/a> e altre previsioni meteorologiche correlate.<\/p>\n<\/div>\n\n<div class=\"page-quote\">\n<h3>Suggerimenti per itinerari e prenotazioni biglietti per Citera<\/h3>\n<p>Che si viaggi in traghetto o in aereo, un&#8217;organizzazione adeguata \u00e8 la &#8220;chiave&#8221; per un viaggio comodo e spensierato a Citera. Di seguito abbiamo raccolto alcuni utili suggerimenti generali che dovresti conoscere prima di iniziare.<br>\n\u2714 Prenota i biglietti in anticipo. Nei mesi estivi (giugno-agosto), le <strong>rotte dei traghetti costieri per Citera<\/strong>, soprattutto quelle con trasporto di veicoli, si riempiono rapidamente. Effettua la prenotazione il prima possibile, soprattutto se viaggi in auto, in moto o durante le festivit\u00e0.<br>\n\u2714 Conferma gli itinerari prima della partenza. Le rotte dei traghetti e degli aerei potrebbero subire modifiche a causa delle condizioni meteorologiche o di cambiamenti di orario. Contattare l&#8217;azienda 1-2 giorni prima del viaggio per confermare l&#8217;orario e la partenza.<br>\n\u2714 Se si viaggia su strada verso Cerigo passando per il porto di Neapolis o Gythio, \u00e8 importante prenotare i biglietti in anticipo, poich\u00e9 i posti sui traghetti possono esaurirsi, soprattutto durante l&#8217;alta stagione turistica. Calcola la distanza dalla tua citt\u00e0 di destinazione e arriva al porto almeno 30-45 minuti prima della partenza, per completare comodamente la procedura di imbarco.<br>\n\u2714 Conserva copie delle tue prenotazioni. Tieni sempre a portata di mano una copia cartacea o digitale dei tuoi biglietti sul tuo cellulare o via e-mail, soprattutto se hai effettuato una prenotazione online, in modo da evitare inutili ritardi al porto.<br>\n\u2714 Prestare attenzione agli orari di arrivo. Il porto di Diakofti e l&#8217;aeroporto sono lontani dai villaggi centrali, quindi pianificate in anticipo i vostri spostamenti (taxi, noleggio, mezzi pubblici) per evitare ritardi o restare senza mezzi di trasporto. Lo stesso vale per la partenza dal porto del Pireo.<br>\n\u2714 Controlla la politica di cancellazione\/modifica. Leggere attentamente la politica di ciascuna compagnia di trasporto in merito a cancellazioni, ritardi o modifiche dei biglietti. \u00c8 bene sapere a cosa si ha diritto in caso di rinvio del viaggio.\n\u2714 Non abbandonare le prenotazioni dell&#8217;ultimo minuto. Anche se potresti trovare biglietti disponibili all&#8217;ultimo minuto, ci\u00f2 rappresenta un rischio, soprattutto nei fine settimana, nei giorni festivi e in alta stagione. La gente del posto sa che <em>non si pu\u00f2 andare a Citera senza un itinerario<\/em>!<br>\n\u2714 Con un po&#8217; di organizzazione, il tuo <strong>viaggio a Citera<\/strong> inizier\u00e0 e finir\u00e0 nel migliore dei modi. Prenota in anticipo, controlla gli itinerari e goditi una delle isole pi\u00f9 speciali della Grecia.<\/p>\n<\/div>\n\n<\/div>\n","protected":false},"excerpt":{"rendered":"<p>Itinerari Biglietti per Citera Costiera con la nave AQUA JEWEL con collegamenti dal porto del Pireo, Gythio di Laconia, Kasteli di Creta e Kalamata. Il traghetto PORPHYROUSA effettua anche corse giornaliere da Neapoli Laconia. In auto attraverso il Peloponneso con la tua auto, o con gli autobus KTEL Lakonia, partendo da Atene e andando a [&hellip;]<\/p>\n","protected":false},"author":1,"featured_media":25727,"parent":0,"menu_order":0,"comment_status":"closed","ping_status":"closed","template":"template\/template-homepage.php","meta":{"footnotes":""},"class_list":["post-31679","page","type-page","status-publish","has-post-thumbnail","hentry"],"_links":{"self":[{"href":"https:\/\/www.kithera.gr\/it\/wp-json\/wp\/v2\/pages\/31679","targetHints":{"allow":["GET"]}}],"collection":[{"href":"https:\/\/www.kithera.gr\/it\/wp-json\/wp\/v2\/pages"}],"about":[{"href":"https:\/\/www.kithera.gr\/it\/wp-json\/wp\/v2\/types\/page"}],"author":[{"embeddable":true,"href":"https:\/\/www.kithera.gr\/it\/wp-json\/wp\/v2\/users\/1"}],"replies":[{"embeddable":true,"href":"https:\/\/www.kithera.gr\/it\/wp-json\/wp\/v2\/comments?post=31679"}],"version-history":[{"count":0,"href":"https:\/\/www.kithera.gr\/it\/wp-json\/wp\/v2\/pages\/31679\/revisions"}],"wp:featuredmedia":[{"embeddable":true,"href":"https:\/\/www.kithera.gr\/it\/wp-json\/wp\/v2\/media\/25727"}],"wp:attachment":[{"href":"https:\/\/www.kithera.gr\/it\/wp-json\/wp\/v2\/media?parent=31679"}],"curies":[{"name":"wp","href":"https:\/\/api.w.org\/{rel}","templated":true}]}}