{"id":31376,"date":"2022-06-12T16:41:58","date_gmt":"2022-06-12T13:41:58","guid":{"rendered":"https:\/\/www.kithera.gr\/?page_id=31376"},"modified":"2025-03-08T14:40:04","modified_gmt":"2025-03-08T12:40:04","slug":"sentieri-escursionistici","status":"publish","type":"page","link":"https:\/\/www.kithera.gr\/it\/attivita-a-citera\/sentieri-escursionistici\/","title":{"rendered":"Sentieri escursionistici"},"content":{"rendered":"\n<div class=\"infobox-map\">\n<h1>Sentieri escursionistici a Citera<\/h1>\n<article id=\"article\">\n<p><b>I sentieri segnalati a Citera!<\/b><br>\nLa bellezza naturale di Citera diventa un polo di attrazione per gli appassionati di escursionismo, che amano esplorare l&#8217;isola su sentieri che conducono a luoghi di bellezza unica.<br>\nI sentieri di Kythira sono stati aperti in passato dagli abitanti dell&#8217;isola e hanno funzionato in molti casi come strade principali verso destinazioni difficili, o come scorciatoia tra strade principali, ma poi con la diminuzione della popolazione e la corrispondente diminuzione del lavoro agricolo, molti di essi furono chiusi dalla vegetazione, ma alcuni continuarono ad essere preservati dal passaggio delle capre selvatiche e le loro tracce si conservano fino ai giorni nostri.<br>\nAttraverso i percorsi segreti che rivelano i percorsi, illuminano aspetti invisibili dell&#8217;isola, offrendo generosamente tutta la grandezza di Citera agli amanti della natura e dell&#8217;esplorazione. Conoscere il paesaggio naturale alla velocit\u00e0 del camminare offre all&#8217;occhio l&#8217;opportunit\u00e0 di vedere e comprendere l&#8217;ambiente naturale in tutta la sua pienezza, trasformando questa attivit\u00e0 in un&#8217;esperienza, che \u00e8 in definitiva un vero esercizio ricreativo assolutamente necessario per l&#8217;uomo moderno.<\/p>\n<\/article>\n<label class=\"read-more_label\" id=\"seeMoreBtn\">Leggi di pi\u00f9<\/label>\n\n<\/div><!-- infobox-map -->\n\n<style>\n#article {\n max-height: 160px; overflow-y: hidden; transition: max-height .3s ease-out;\n}\n#article.expanded {\n max-height: 1200px; transition: max-height 1.2s ease;\n}\n.read-more_label {\n  padding: 55px 25px 0 28px; background-image: linear-gradient(to bottom, #fbfbfb00, 1%, #fdfdfd);\nwidth: 100%; margin-top: -59px; font-weight: 700; color: #999; cursor: pointer; font-size:15px; \n}\n.read-more_label:hover {color: #555; \n}\n#article.expanded ~ .read-more_label {padding: 5px 25px 0 25px; }\n<\/style>\n\n\n<script>\n const seeMore = document.getElementById(\"seeMoreBtn\");\n    const article = document.getElementById(\"article\");\n\n    seeMore.addEventListener(\"click\", () => {\n        article.classList.toggle(\"expanded\");\n\n        const expanded = article.classList.contains(\"expanded\");\n        if (expanded) {\n            seeMore.innerHTML = \"Meno\";\n        } else {\n            seeMore.innerHTML = \"Leggi di pi\u00f9\";\n        } \n    });\n<\/script>\n","protected":false},"excerpt":{"rendered":"<p>Sentieri escursionistici a Citera I sentieri segnalati a Citera! La bellezza naturale di Citera diventa un polo di attrazione per gli appassionati di escursionismo, che amano esplorare l&#8217;isola su sentieri che conducono a luoghi di bellezza unica. I sentieri di Kythira sono stati aperti in passato dagli abitanti dell&#8217;isola e hanno funzionato in molti casi [&hellip;]<\/p>\n","protected":false},"author":1,"featured_media":0,"parent":32216,"menu_order":0,"comment_status":"closed","ping_status":"closed","template":"template\/property-listings-map.php","meta":{"footnotes":""},"class_list":["post-31376","page","type-page","status-publish","hentry"],"_links":{"self":[{"href":"https:\/\/www.kithera.gr\/it\/wp-json\/wp\/v2\/pages\/31376","targetHints":{"allow":["GET"]}}],"collection":[{"href":"https:\/\/www.kithera.gr\/it\/wp-json\/wp\/v2\/pages"}],"about":[{"href":"https:\/\/www.kithera.gr\/it\/wp-json\/wp\/v2\/types\/page"}],"author":[{"embeddable":true,"href":"https:\/\/www.kithera.gr\/it\/wp-json\/wp\/v2\/users\/1"}],"replies":[{"embeddable":true,"href":"https:\/\/www.kithera.gr\/it\/wp-json\/wp\/v2\/comments?post=31376"}],"version-history":[{"count":0,"href":"https:\/\/www.kithera.gr\/it\/wp-json\/wp\/v2\/pages\/31376\/revisions"}],"up":[{"embeddable":true,"href":"https:\/\/www.kithera.gr\/it\/wp-json\/wp\/v2\/pages\/32216"}],"wp:attachment":[{"href":"https:\/\/www.kithera.gr\/it\/wp-json\/wp\/v2\/media?parent=31376"}],"curies":[{"name":"wp","href":"https:\/\/api.w.org\/{rel}","templated":true}]}}