{"id":31337,"date":"2022-06-12T16:36:21","date_gmt":"2022-06-12T13:36:21","guid":{"rendered":"https:\/\/www.kithera.gr\/?page_id=31337"},"modified":"2025-04-09T19:59:32","modified_gmt":"2025-04-09T16:59:32","slug":"attrazioni-citera","status":"publish","type":"page","link":"https:\/\/www.kithera.gr\/it\/attrazioni-citera\/","title":{"rendered":"Attrazioni a Citera"},"content":{"rendered":"\n<div class=\"page-container\">\n<div class=\"infobox bg-0\">\n<h1>Attrazioni a Citera<\/h1>\n<p>Benvenuti a Citera, la mitica isola di Afrodite, un luogo in cui la ricca storia convive armoniosamente con la bellezza selvaggia della natura e pittoreschi insediamenti impreziosiscono le coste con spiagge cristalline. Preparatevi a esplorare un&#8217;isola che vi conquister\u00e0 con la sua autenticit\u00e0 e il senso di tranquillit\u00e0 che la contraddistingue.<br>\nScoprite pittoreschi <strong>villaggi<\/strong> tradizionali, ognuno con il suo fascino unico e la sua atmosfera accogliente. Dai porti affollati alle baie tranquille ideali per il relax, gli insediamenti di Citera offrono una variet\u00e0 di esperienze.<br>\nGodetevi innumerevoli <strong>spiagge<\/strong> con sabbia o ciottoli e acque cristalline che soddisfano tutti i gusti, dalle spiagge affollate per famiglie alle calette appartate per momenti di assoluta tranquillit\u00e0.\nImmergetevi nella ricca storia dell&#8217;isola attraverso i suoi imponenti <strong>monumenti<\/strong>. Imponenti castelli che si ergono fieri nel tempo, rovine di insediamenti medievali che sussurrano storie di epoche passate.<br>\nLasciatevi conquistare dalla magia di paesaggi naturali mozzafiato. Gli amanti della natura e dell&#8217;avventura troveranno grotte suggestive con formazioni uniche, fresche cascate che creano laghetti idilliaci e una rete di sentieri che attraversano lussureggianti aree verdi e conducono a spiagge nascoste.<br>\n<strong>Citera<\/strong> \u00e8 una destinazione che unisce la tranquillit\u00e0 della natura al fascino storico e all&#8217;autentica ospitalit\u00e0 isolana. Vieni a vivere un&#8217;esperienza indimenticabile su un&#8217;isola piena di sorprese e bellezza.<\/p>\n<\/div>\n\n<div class=\"masonry-wrapper\">\n<div class=\"wide img-overlay\"><img decoding=\"async\" src=\"https:\/\/www.kithera.gr\/wp-content\/uploads\/2022\/09\/fratsia-5.jpg\" alt=\"villaggi citera\" width=\"1000\" height=\"667\" title=\"\">\n<div class=\"box\">\n<h3>VILLAGGI<\/h3>\n<p>I pittoreschi villaggi e insediamenti di Kythira \u27bc<\/p>\n<\/div>\n<a class=\"masonry_link\" href=\"https:\/\/www.kithera.gr\/it\/villaggi-citera\/\"><\/a>\n<\/div>\n\n<div class=\"smole img-overlay\"><img decoding=\"async\" src=\"https:\/\/www.kithera.gr\/wp-content\/uploads\/2022\/09\/diakoft-paralia-4.jpg\" alt=\"Attrazioni a Citera\" width=\"1000\" height=\"748\" title=\"\">\n<div class=\"box\">\n<h3>SPIAGGE<\/h3>\n<p>Vedi in dettaglio le spiagge di Kythira \u27bc<\/p>\n<\/div>\n<a class=\"masonry_link\" href=\"https:\/\/www.kithera.gr\/it\/spiagge-citera\/\"><\/a>\n<\/div>\n\n<div class=\"smole img-overlay\"><img decoding=\"async\" src=\"https:\/\/www.kithera.gr\/wp-content\/uploads\/2022\/10\/paleochora-5.jpg\" alt=\"monumenti\" width=\"1000\" height=\"667\" title=\"\">\n<div class=\"box\">\n<h3>MONUMENTI<\/h3>\n<p>I monumenti storici, i monasteri, le chiese bizantine \u27bc<\/p>\n<\/div>\n<a class=\"masonry_link\" href=\"https:\/\/www.kithera.gr\/it\/monumenti-citera\/\"><\/a>\n<\/div>\n\n<div class=\"smole img-overlay\"><img decoding=\"async\" src=\"https:\/\/www.kithera.gr\/wp-content\/uploads\/2022\/10\/myloi-9.jpg\" alt=\"Aree citera\" width=\"1000\" height=\"667\" title=\"\">\n<div class=\"box\">\n<h3>AREE NATURALI<\/h3>\n<p>Le aree naturali pi\u00f9 belle dell&#8217;isola \u27bc<\/p>\n<\/div>\n<a class=\"masonry_link\" href=\"https:\/\/www.kithera.gr\/it\/aree-naturali-citera\/\"><\/a>\n<\/div>\n\n<div class=\"smole img-overlay\"><img decoding=\"async\" src=\"https:\/\/www.kithera.gr\/wp-content\/uploads\/2022\/10\/faraggi-tsakona-4.jpg\" alt=\"sentieri\" &quot;width=\"1000\" height=\"667\" title=\"\">\n<div class=\"box\">\n<h3>SENTIERI<\/h3>\n<p>I sentieri escursionistici segnati. \u27bc<\/p>\n<\/div>\n<a class=\"masonry_link\" href=\"https:\/\/www.kithera.gr\/it\/sentieri-escursionistici\/\"><\/a>\n<\/div>\n\n<\/div>\n\n<!-- OFF\n<div class=\"infobox-photo photo-l\">\n<img decoding=\"async\" src=\"https:\/\/www.kithera.gr\/wp-content\/uploads\/2022\/11\/kythira-tour-map-5.jpg\" alt=\"\u03a7\u03ac\u03c1\u03c4\u03b7\u03c2 \u03ba\u03c5\u03b8\u03b7\u03c1\u03b1\" width=\"550\" height=\"509 \" title=\"\">\n<h2>Scopri Citera guidato da una mappa!<\/h2>\n<ul class=\"infobox-ul\">\n<li>Mappa turistica e stradale con tutte le localit\u00e0 di Kythira.<\/li>\n<li>Include sentieri segnalati.<\/li>\n<li>Segnalazione con distanze chilometriche per tutti i percorsi.<\/li>\n<li>Con icone realistiche per tutte le attrazioni dell'isola.<\/li>\n<li>Alta risoluzione e chiarezza per una lettura facile e confortevole.<\/li>\n<li>Ideale per tutti i dispositivi, ipad, laptop, pc.<\/li>\n<li> Non disponi di una connessione Internet per accedere alla mappa.<\/li>\n<li><a href=\"https:\/\/www.kithera.gr\/it\/mappa-citera\/\">Scarica la mappa di Citera sul tuo dispositivo \u21fe<\/a><\/li>\n<\/ul>\n<\/div>\n-->\n\n<div class=\"page-quote\">\n<p><strong>Esplora Citera passo dopo passo!<\/strong><br>\nLa guida turistica di Citera www.kithera.gr presenta la pi\u00f9 grande farsa mai accaduta. Vengono mostrati 21 villaggi, 33 spiagge, 16 monumenti, 8 aree naturali, 6 sentieri escursionistici, 84 localit\u00e0 in totale, con molte foto per ogni localit\u00e0, testi e informazioni utili, distanze stradali di base e mappe di accesso per ogni attrazione.<br>\nQuesta presentazione \u00e8 rivolta a coloro che vogliono esplorare e imparare il pi\u00f9 possibile c. Sono compresi anche borghi poco conosciuti, ma che fanno almeno una visita virtuale, quale io. Sono incluse anche tutte le spiagge, i monumenti storici e i siti naturali che sicuramente una malattia da aggiungere. <br>\nNonostante la completezza di questo programma, continueremo ad arricchirlo, buon divertimento! <\/p>\n<\/div>\n\n<\/div>\n","protected":false},"excerpt":{"rendered":"<p>Attrazioni a Citera Benvenuti a Citera, la mitica isola di Afrodite, un luogo in cui la ricca storia convive armoniosamente con la bellezza selvaggia della natura e pittoreschi insediamenti impreziosiscono le coste con spiagge cristalline. Preparatevi a esplorare un&#8217;isola che vi conquister\u00e0 con la sua autenticit\u00e0 e il senso di tranquillit\u00e0 che la contraddistingue. Scoprite [&hellip;]<\/p>\n","protected":false},"author":1,"featured_media":22987,"parent":0,"menu_order":0,"comment_status":"closed","ping_status":"closed","template":"template\/template-homepage.php","meta":{"footnotes":""},"class_list":["post-31337","page","type-page","status-publish","has-post-thumbnail","hentry"],"_links":{"self":[{"href":"https:\/\/www.kithera.gr\/it\/wp-json\/wp\/v2\/pages\/31337","targetHints":{"allow":["GET"]}}],"collection":[{"href":"https:\/\/www.kithera.gr\/it\/wp-json\/wp\/v2\/pages"}],"about":[{"href":"https:\/\/www.kithera.gr\/it\/wp-json\/wp\/v2\/types\/page"}],"author":[{"embeddable":true,"href":"https:\/\/www.kithera.gr\/it\/wp-json\/wp\/v2\/users\/1"}],"replies":[{"embeddable":true,"href":"https:\/\/www.kithera.gr\/it\/wp-json\/wp\/v2\/comments?post=31337"}],"version-history":[{"count":0,"href":"https:\/\/www.kithera.gr\/it\/wp-json\/wp\/v2\/pages\/31337\/revisions"}],"wp:featuredmedia":[{"embeddable":true,"href":"https:\/\/www.kithera.gr\/it\/wp-json\/wp\/v2\/media\/22987"}],"wp:attachment":[{"href":"https:\/\/www.kithera.gr\/it\/wp-json\/wp\/v2\/media?parent=31337"}],"curies":[{"name":"wp","href":"https:\/\/api.w.org\/{rel}","templated":true}]}}