{"id":31325,"date":"2022-05-12T15:20:38","date_gmt":"2022-05-12T12:20:38","guid":{"rendered":"https:\/\/www.kithera.gr\/?page_id=31325"},"modified":"2024-03-28T18:55:24","modified_gmt":"2024-03-28T16:55:24","slug":"isola-citera","status":"publish","type":"page","link":"https:\/\/www.kithera.gr\/it\/isola-citera\/","title":{"rendered":"Isola Citera"},"content":{"rendered":"\n<div class=\"page-container\">\n\n<div class=\"infobox\">\n<h1 class=\"title-1\">ISOLA DI CITERA<\/h1>\n<\/div>\n\n<div class=\"w100-1\">\n<img decoding=\"async\" src=\"https:\/\/www.kithera.gr\/wp-content\/uploads\/2022\/11\/Kythira-Panorama-7.png\" alt=\"Isola Citera\" width=\"1250\" height=\"490\" title=\"\">\n<\/div>\n\n<div class=\"pullquote-box\">\n<h2>Geografia ~ Natura<\/h2>\n<p>Tra i tre mari, Kythira o altrimenti Tsirigo, o Porphyrousa nell&#8217;antichit\u00e0, si trovano a sud del Peloponneso e a nord di Creta occidentale, bagnati dal mare Myrtoan a est, dal mare Ionio a ovest e dal mare di Creta a ovest Sud. Hanno una superficie di 2.450 kmq, e la morfologia dell&#8217;isola \u00e8 un altopiano con due gruppi montuosi principali, ad ovest con il pi\u00f9 alto dei Mermiggari con un&#8217;altitudine di 550 metri, e ad est con il pi\u00f9 alto del Monte Digeni con un&#8217;altitudine di 474 M. L&#8217;isola ha coste ripide con una lunghezza di circa 91 chilometri. Lagate con ricca vegetazione e molte acque correnti finiscono in bellissime spiagge di piccole e grandi dimensioni. Scopri di pi\u00f9 su <a href=\"https:\/\/www.kithera.gr\/it\/informazioni-citera\/geografia-natura-citera\/\">Geografia e natura a Citera<\/a> <\/p>\n<\/div>\n\n\n<!-- 3 Cards -->\n<div class=\"cards-container\">\n  \n  <div class=\"card\">\n    <div class=\"card-item\">\n      <div class=\"card-image\">\n<img decoding=\"async\" src=\"https:\/\/www.kithera.gr\/wp-content\/uploads\/2022\/11\/Xartis-Kythira-3.jpg\" alt=\"Mappa di Citera\" width=\"400\" height=\"250\" title=\"\">\n      <\/div>\n      <div class=\"card-info\">\n        <h2 class=\"card-title\">Mappa di Citera<\/h2>\n         <p class=\"card-intro\">Scopri tutte le attrazioni dell&#8217;isola con una guida cartografica.<\/p>\n         <a href=\"https:\/\/www.kithera.gr\/it\/mappa-citera\/\">Mappa di Citera<\/a>\n      <\/div>\n    <\/div>\n  <\/div>\n  \n  <div class=\"card\">\n    <div class=\"card-item\">\n      <div class=\"card-image\">\n<img decoding=\"async\" src=\"https:\/\/www.kithera.gr\/wp-content\/uploads\/2022\/11\/Odiko-diktyo-Kythiron.jpg\" alt=\"Rete stradale\" width=\"400\" height=\"250\" title=\"\">\n      <\/div>\n      <div class=\"card-info\">\n        <h2 class=\"card-title\">Rete stradale<\/h2>\n         <p class=\"card-intro\">Scopri la rete stradale dell&#8217;isola, le stazioni di servizio disponibili.<\/p>\n         <a href=\"https:\/\/www.kithera.gr\/it\/rete-viaria-di-citera\/\">Rete stradale<\/a>\n      <\/div>\n    <\/div>\n  <\/div>\n\n  <div class=\"card\">\n    <div class=\"card-item\">\n      <div class=\"card-image\">\n<img decoding=\"async\" src=\"https:\/\/www.kithera.gr\/wp-content\/uploads\/2022\/11\/Fysikes-perioxes-Kythira-5.jpg\" alt=\"Aree naturali citera\" width=\"400\" height=\"250\" title=\"\">\n      <\/div>\n      <div class=\"card-info\">\n        <h2 class=\"card-title\">Aree naturali<\/h2>\n         <p class=\"card-intro\">Scopri le aree naturali pi\u00f9 belle dell&#8217;isola che vale la pena visitare.<\/p>\n         <a href=\"https:\/\/www.kithera.gr\/it\/aree-naturali-citera\/\">Aree naturali<\/a>\n      <\/div>\n    <\/div>\n  <\/div>\n\n<\/div>\n\n<!-- \u0399\u03a3\u03a4\u039f\u03a1\u0399\u0391 -->\n<div class=\"w100-2\">\n<img decoding=\"async\" src=\"https:\/\/www.kithera.gr\/wp-content\/uploads\/2022\/11\/Istoria-Kythiron-1.png\" alt=\"Storia di Citera\" width=\"1250\" height=\"735\" title=\"\">\n<\/div>\n\n<div class=\"pullquote-box\">\n<h2>Storia di Citera<\/h2>\n<p>La storia dell&#8217;isola affonda le sue radici nell&#8217;epoca del mito con la nascita di Afrodite, e si arricchisce di una moltitudine di monumenti storici di varie epoche, come il santuario sommitale minoico unico in Grecia, importanti monumenti bizantini come lo stato di Paleochoras, la prima capitale dell&#8217;isola, i castelli veneziani di Chora e Mylopotamos, importanti chiese come Agios Petros ad Araios e Agios Dimitrios a Purkos, il pi\u00f9 grande ponte di pietra della Grecia, Kantouni a Livadi, la lanterna, il grande faro nella parte settentrionale dell&#8217;isola. Vedi di pi\u00f9 su di lei <a href=\"https:\/\/www.kithera.gr\/it\/informazioni-citera\/storia-di-citera\/\">Storia di Citera<\/a><\/p>\n<\/div>\n\n<!-- 3 Cards -->\n<div class=\"cards-container\">\n  \n  <div class=\"card\">\n    <div class=\"card-item\">\n      <div class=\"card-image\">\n<img decoding=\"async\" src=\"https:\/\/www.kithera.gr\/wp-content\/uploads\/2022\/11\/Istorika-mimia-kythira-4.jpg\" alt=\"Monumenti\" width=\"400\" height=\"250\" title=\"\">\n      <\/div>\n      <div class=\"card-info\">\n        <h2 class=\"card-title\">Monumenti Storici<\/h2>\n         <p class=\"card-intro\">Castelli veneziani, chiese bizantine, monasteri di Citera.<\/p>\n         <a href=\"https:\/\/www.kithera.gr\/it\/monumenti-citera\/\">Monumenti Storici<\/a>\n      <\/div>\n    <\/div>\n  <\/div>\n  \n  <div class=\"card\">\n    <div class=\"card-item\">\n      <div class=\"card-image\">\n<img decoding=\"async\" src=\"https:\/\/www.kithera.gr\/wp-content\/uploads\/2022\/11\/Mouseia-Kythiron-4.jpg\" alt=\"Musei citera\" width=\"400\" height=\"250\" title=\"\">\n      <\/div>\n      <div class=\"card-info\">\n        <h2 class=\"card-title\">Musei<\/h2>\n         <p class=\"card-intro\">Museo Archeologico, Icone Bizantine, Museo dei Sigilli, Musei del Folklore.<\/p>\n        <a href=\"https:\/\/www.kithera.gr\/it\/citera-isola\/musei\/\">Musei<\/a>\n      <\/div>\n    <\/div>\n  <\/div>\n\n  <div class=\"card\">\n    <div class=\"card-item\">\n      <div class=\"card-image\">\n<img decoding=\"async\" src=\"https:\/\/www.kithera.gr\/wp-content\/uploads\/2022\/11\/Politismos-2.jpg\" alt=\"Cultura citera\" width=\"400\" height=\"250\" title=\"\">\n      <\/div>\n      <div class=\"card-info\">\n        <h2 class=\"card-title\">Cultura<\/h2>\n         <p class=\"card-intro\">Sale d&#8217;arte, Cinema, Biblioteca Comunale.<\/p>\n         <a href=\"https:\/\/www.kithera.gr\/it\/citera-isola\/cultura\/\">Cultura<\/a>\n      <\/div>\n    <\/div>\n  <\/div>\n\n<\/div>\n\n\n<!-- \u0391\u039d\u0398\u03a1\u03a9\u03a0\u039f\u0399 - \u03a4\u039f\u03a0\u0399\u039a\u0391 \u03a0\u03a1\u039f\u0399\u039f\u039d\u03a4\u0391  -->\n<div class=\"w100-3\">\n<img decoding=\"async\" src=\"https:\/\/www.kithera.gr\/wp-content\/uploads\/2022\/11\/Anthropoi-4.png\" alt=\"Uomo di Citera\" width=\"1250\" height=\"885\" title=\"\">\n<\/div>\n\n<div class=\"pullquote-box\">\n<h2>Persone ~ Prodotti locali<\/h2>\n<p>La popolazione di Citera ammonta a 3.500 abitanti in base all&#8217;ultimo censimento del 2011, l&#8217;occupazione principale di Citera \u00e8 l&#8217;agricoltura, la zootecnia, la pesca. Negli ultimi anni si sono sviluppati servizi turistici per soggiorni estivi e ricreativi di qualit\u00e0. I principali prodotti prodotti dal luogo sono l&#8217;olio d&#8217;oliva, il famoso miele di timo con molti riconoscimenti internazionali per il suo eccellente aroma e gusto, l&#8217;olio di noci che negli ultimi anni \u00e8 diventato famoso in Grecia e all&#8217;estero, non appassisce mai, fatourada la bevanda dolce da tsipouro. Vale la pena menzionare l&#8217;ottimo gusto e l&#8217;ampia variet\u00e0 di pesci dei mari dell&#8217;isola e la qualit\u00e0 unica di aragoste e aragoste. A Kythira, grazie al terreno fertile e al clima adatto, vengono coltivate quasi tutte le verdure, frutta e verdura, che in molti casi sono disponibili sul mercato locale da piccoli produttori e agricoltori nei bazar locali direttamente ai consumatori. Vedi di pi\u00f9 su <a href=\"https:\/\/www.kithera.gr\/it\/mercato-citera\/prodotti-locali-di-citera\/\">Prodotti locali<\/a><\/p>\n<\/div>\n\n<!-- 3 Cards -->\n<div class=\"cards-container\">\n  \n  <div class=\"card\">\n    <div class=\"card-item\">\n      <div class=\"card-image\">\n<img decoding=\"async\" src=\"https:\/\/www.kithera.gr\/wp-content\/uploads\/2022\/11\/xoria-kythira-3.jpg\" alt=\"Villaggi Citera\" width=\"400\" height=\"250\" title=\"\">\n      <\/div>\n      <div class=\"card-info\">\n        <h2 class=\"card-title\">Villaggi di Citera<\/h2>\n         <p class=\"card-intro\">I meravigliosi villaggi e insediamenti tradizionali di Citera.<\/p>\n         <a href=\"https:\/\/www.kithera.gr\/it\/villaggi-citera\/\">Villaggi<\/a>\n      <\/div>\n    <\/div>\n  <\/div>\n  \n  <div class=\"card\">\n    <div class=\"card-item\">\n      <div class=\"card-image\">\n<img decoding=\"async\" src=\"https:\/\/www.kithera.gr\/wp-content\/uploads\/2022\/11\/katastimata-2.jpg\" alt=\"Negozi\" width=\"400\" height=\"250\" title=\"\">\n      <\/div>\n      <div class=\"card-info\">\n        <h2 class=\"card-title\">Negozi<\/h2>\n         <p class=\"card-intro\">Prodotti locali, regali, professionisti dell&#8217;isola.<\/p>\n        <a href=\"https:\/\/www.kithera.gr\/it\/citera-isola\/negozi-citera\/\">Negozi<\/a>\n      <\/div>\n    <\/div>\n  <\/div>\n\n  <div class=\"card\">\n    <div class=\"card-item\">\n      <div class=\"card-image\">\n<img decoding=\"async\" src=\"https:\/\/www.kithera.gr\/wp-content\/uploads\/2022\/11\/pazari-1.jpg\" alt=\"Bazar\" width=\"400\" height=\"250\" title=\"\">\n      <\/div>\n      <div class=\"card-info\">\n        <h2 class=\"card-title\">Bazar<\/h2>\n         <p class=\"card-intro\">Bazar locale con prodotti locali di piccoli produttori.<\/p>\n         <a href=\"https:\/\/www.kithera.gr\/it\/mercato-citera\/bazar-locale-a-citera\/\">Bazar<\/a>\n      <\/div>\n    <\/div>\n  <\/div>\n\n<\/div>\n\n<\/div>\n\n\n\n<style>\n.title-1 { font-size: 80px !important; font-weight: 700 !important; color: #3f81c4 !important; text-shadow: 5px 0px 0px #cfaf7e, 7px 0px 1px #d6b287 !important; }\n.pullquote-box {padding: 40px; display: block; margin: 20px 0 20px 0;  \n background: rgb(236,233,223);\nbackground: radial-gradient(circle, rgba(236,233,223,1) 0%, rgba(255,255,255,1) 34%, rgba(255,255,255,1) 99%); border-radius: 5px 10px 15px 30px\/30px 15px 10px 5px;\n}\n.pullquote-box h2 {font-size: 61px; text-align: center; padding: 30px 10px 10px 10px; color: #777; text-shadow: 3px 0 0 #f7e6bc;}\n.pullquote-box p {font-size: 22px; line-height: 44px; text-align: justify; padding: 20px 70px 30px 70px; text-decoration: underline dotted 2px #e3d29a; text-underline-offset: 9px; font-style: italic; border-radius: 36px; border: 7px dotted #fff;\nbackground-image: radial-gradient(rgba(242, 242, 242, 0.52) 2px, transparent 2px);\nbackground-size: 15px 15px;\nbackground-color: rgba(247, 243, 225, 0.33);\n}\n @media(max-width: 950px) {\n.pullquote-box p { padding: 20px 20px 30px 20px;\n  }\n.pullquote-box { padding: 20px;\n }\n}\n.pullquote-box p::first-letter {font-size: 42px; color: #9c482c;}\n\n\n\/*  CARDS  *\/\n.cards-container {\n  display: flex;\n  -webkit-display: box;\n  -moz-display: box;\n  -ms-display: flexbox;\n  -webkit-display: flex;\n  flex-wrap: wrap;\n  padding: 0;\n  margin: 0;\n}\n\n.card {\n  display: flex;\n  padding: 1rem;\n  margin-bottom: 2rem;\n  width: 33.3%;} \n\n  @media(max-width: 950px) {\n.card { width: 50%;\n  }\n}\n @media(max-width: 650px) {\n.card { width: 100%;\n  }\n}\n\n  .card-item {\n    display: flex; flex: 1;\n    flex-direction: column;\n    background-color: #fff;\n    width: 100%;\n    border-radius: 6px;\n    box-shadow: 0 20px 40px -14px rgba(0,0,0,0.15);\n    overflow: hidden;\n    transition: transform 0.5s;\n    -webkit-transition: transform 0.5s;}\n\n   .card-image:hover{\n     opacity: 1; transition: .5s ease;\n   }\n    \n  .card-info {\n    display: flex;\n    flex: 1 1 auto;\n    flex-direction: column;\n    padding: 1rem;\n    line-height: 1.5em;\n  }\n\n  .card-title {\n    font-size: 25px;\n    line-height: 1.1em;\n    color: #32325d;\n    margin-bottom: 0.2em;\n  }\n\n  .card-image{\n    height: 250px;\n    overflow: hidden;\n    background-size: cover;\n    background-position: center;\n    background-repeat: no-repeat;\n    border-radius: 12px 12px 0px 0px;\n    opacity: 0.90; transition: .5s ease;\n  }\n@media(max-width: 650px) {\n.card-image img { width: 100%;  object-fit: cover;\n  }\n}\n\n .card a  {\n    margin-top: auto; margin-left: 10%; margin-right: 10%; margin-bottom: 10px; border: none; padding: 10px; background-color: #fcfcfc; border: 1px dotted #ccc; border-radius: 6px; width:80%; text-align: center; }\n.card a:hover { background-color: #dae9f2;}\n.card a::after { content: \" \u21e8 \"; }\n\n<\/style>\n","protected":false},"excerpt":{"rendered":"<p>ISOLA DI CITERA Geografia ~ Natura Tra i tre mari, Kythira o altrimenti Tsirigo, o Porphyrousa nell&#8217;antichit\u00e0, si trovano a sud del Peloponneso e a nord di Creta occidentale, bagnati dal mare Myrtoan a est, dal mare Ionio a ovest e dal mare di Creta a ovest Sud. Hanno una superficie di 2.450 kmq, e [&hellip;]<\/p>\n","protected":false},"author":1,"featured_media":0,"parent":0,"menu_order":0,"comment_status":"closed","ping_status":"closed","template":"template\/template-homepage.php","meta":{"footnotes":""},"class_list":["post-31325","page","type-page","status-publish","hentry"],"_links":{"self":[{"href":"https:\/\/www.kithera.gr\/it\/wp-json\/wp\/v2\/pages\/31325","targetHints":{"allow":["GET"]}}],"collection":[{"href":"https:\/\/www.kithera.gr\/it\/wp-json\/wp\/v2\/pages"}],"about":[{"href":"https:\/\/www.kithera.gr\/it\/wp-json\/wp\/v2\/types\/page"}],"author":[{"embeddable":true,"href":"https:\/\/www.kithera.gr\/it\/wp-json\/wp\/v2\/users\/1"}],"replies":[{"embeddable":true,"href":"https:\/\/www.kithera.gr\/it\/wp-json\/wp\/v2\/comments?post=31325"}],"version-history":[{"count":0,"href":"https:\/\/www.kithera.gr\/it\/wp-json\/wp\/v2\/pages\/31325\/revisions"}],"wp:attachment":[{"href":"https:\/\/www.kithera.gr\/it\/wp-json\/wp\/v2\/media?parent=31325"}],"curies":[{"name":"wp","href":"https:\/\/api.w.org\/{rel}","templated":true}]}}