{"id":31310,"date":"2022-11-10T15:09:48","date_gmt":"2022-11-10T13:09:48","guid":{"rendered":"https:\/\/www.kithera.gr\/informazioni-citera\/naufragio-antikythera\/"},"modified":"2025-03-21T20:14:10","modified_gmt":"2025-03-21T18:14:10","slug":"naufragio-antikythera","status":"publish","type":"page","link":"https:\/\/www.kithera.gr\/it\/informazioni-citera\/naufragio-antikythera\/","title":{"rendered":"Naufragio Antikythera"},"content":{"rendered":"\n<div class=\"page-container\">\n<div class=\"infobox-bg-1\">\n<h1>Il naufragio di Antikythira<\/h1>\n<article id=\"article\">\n<p><b>Il naufragio di Antikythira, la cronaca delle scoperte.<\/b><br\/>\nkithera.gr ~ Panorama rispondendo alle esigenze e alle richieste del nostro tempo, nonch\u00e9 al forte interesse della nuova opinione greca e internazionale, ha creato nel 2014 la prima presentazione completa sul naufragio di Antikythira, il pi\u00f9 importante sito archeologico sottomarino del mondo, con l&#8217;obiettivo di fornire informazioni complete al pubblico, promuovendo allo stesso tempo la qualit\u00e0 dell&#8217;isola.<br\/><br\/>Dopo aver ricercato e studiato il materiale esistente, \u00e8 stata progettata una narrazione mirata, che consente all&#8217;utente di trovare tutto il materiale di cui ha bisogno in un unico posto, in modo che possa facilmente comprendere appieno cosa \u00e8 successo esattamente in passato e cosa sta accadendo oggi in questa importante ricerca.<br\/>\nLa grande quantit\u00e0 di materiale raccolti in testi e fotografie sono stati resi cronologicamente per periodo, cos\u00ec come la creazione di tutta la grafica e le animazioni necessarie, in modo tale che il risultato sia semplice, interessante e soprattutto comprensibile poich\u00e9 ci si rivolge principalmente al grande pubblico.<br\/><br\/>\n\nLa presentazione, della durata di pochi minuti, racconta all&#8217;utente la storia dell&#8217;antico relitto, accompagnandolo al clima del fondale marino, mostrando tutti i reperti importanti dal momento della scoperta del relitto, fino agli sforzi odierni con le attrezzature pi\u00f9 avanzate.<br\/><br\/>\n\n\u00c8 ovvio che la ricerca continuer\u00e0 nelle prossime estati, quindi il progetto del relitto di Antikythera continuer\u00e0 ad arricchirsi di future scoperte, che porteranno sicuramente nuovi fatti interessanti e impressionanti sul mondo antico. <br\/>Vogliamo anche ringraziare tutti i media per la calorosa accoglienza e la grande visibilit\u00e0 della nostra produzione da parte della stampa cartacea e online, con decine di pubblicazioni sul <a href=\"https:\/\/www.kithera.gr\/it\/notizie-sul-naufragio-di-anticitera\/\">Relitto di Anticitera<\/a>, che lo hanno reso virale sui media elettronici ma anche come <a href=\"https:\/\/www.youtube.com\/watch?v=mnQ61Bps8Fk\" target=\"_blank\" rel=\"noopener\">video su Youtube<\/a><\/p>\n<\/article>\n\n<label class=\"read-more_label\" id=\"seeMoreBtn\">Scopri di pi\u00f9<\/label>\n\n<\/div>\n<\/div>\n\n<style>\n#article {max-height: 160px; overflow-y: hidden; transition: max-height .3s ease-out;}\n#article.expanded {max-height: 1200px; transition: max-height 1.2s ease;}\n.read-more_label { padding: 55px 25px 0 28px; background-image: linear-gradient(to bottom, #fbfbfb00, 1%, #fdfdfd); width: 100%; margin-top: -59px; font-weight: 700; color: #999; cursor: pointer; font-size:15px; }\n.read-more_label:hover {color: #555; }\n#article.expanded ~ .read-more_label {padding: 5px 25px 0 25px; }\n<\/style>\n\n<script> const seeMore = document.getElementById(\"seeMoreBtn\"); const article = document.getElementById(\"article\"); seeMore.addEventListener(\"click\", () => { article.classList.toggle(\"expanded\"); const expanded = article.classList.contains(\"expanded\"); if (expanded) { seeMore.innerHTML = \"Meno\"; } else {seeMore.innerHTML = \"Leggi di pi\u00f9\";}}); <\/script>\n\n<!-- \u039e\u0395\u039d\u0391\u0393\u0397\u03a3\u0397 \u03a3\u03a4\u0391 \u039a\u03a5\u0398\u0397\u03a1\u0391 -->\n<div id=\"iframe-container\">\n<iframe src=\"https:\/\/kithera.gr\/images\/nauagio-antikythiron\/NAYAGIO.html\"><\/iframe>\n<\/div>\n<div class=\"btm-iframe-container\">\n<p>La presentazione del relitto di Antikythera \u00e8 stata progettata e sviluppata esclusivamente da kithera.gr ~ Panorama, ed \u00e8 ideale solo per l&#8217;ambiente di computer desktop, laptop e telefoni cellulari ad alta risoluzione.<br\/>\n<a href=\"https:\/\/www.kithera.gr\/it\/visita-guidata-di-citera\/\">Scrivi il tuo commento sul relitto di Antikythera<\/a><\/p><\/div>\n\n<style>\n#iframe-container { width: 100%; margin: 0 auto; margin-bottom: 0px; margin-top: 20px; text-align: center; background-color:rgba(18, 26, 77, 1.00); padding: 0;}\niframe { aspect-ratio: 16 \/ 7.2; width: 100%; height: 100%; border:none; scrolling;no;}\n.btm-iframe-container { background-color:rgba(17, 22, 56, 1.00); }\n.btm-iframe-container p { padding: 40px; margin: 0 auto; max-width: 800px; font-size: 12px; line-height: 18px; text-align: center; color: #444; } \n.btm-iframe-container a { color: #01528f;}\n\n<!-- MOBILE -->\n@media only screen and (max-width: 800px) {iframe, .btm-iframe-container p { display: none; }\n}\n<\/style>\n","protected":false},"excerpt":{"rendered":"<p>Il naufragio di Antikythira Il naufragio di Antikythira, la cronaca delle scoperte. kithera.gr ~ Panorama rispondendo alle esigenze e alle richieste del nostro tempo, nonch\u00e9 al forte interesse della nuova opinione greca e internazionale, ha creato nel 2014 la prima presentazione completa sul naufragio di Antikythira, il pi\u00f9 importante sito archeologico sottomarino del mondo, con [&hellip;]<\/p>\n","protected":false},"author":1,"featured_media":0,"parent":31227,"menu_order":0,"comment_status":"closed","ping_status":"closed","template":"template\/template-homepage.php","meta":{"footnotes":""},"class_list":["post-31310","page","type-page","status-publish","hentry"],"_links":{"self":[{"href":"https:\/\/www.kithera.gr\/it\/wp-json\/wp\/v2\/pages\/31310","targetHints":{"allow":["GET"]}}],"collection":[{"href":"https:\/\/www.kithera.gr\/it\/wp-json\/wp\/v2\/pages"}],"about":[{"href":"https:\/\/www.kithera.gr\/it\/wp-json\/wp\/v2\/types\/page"}],"author":[{"embeddable":true,"href":"https:\/\/www.kithera.gr\/it\/wp-json\/wp\/v2\/users\/1"}],"replies":[{"embeddable":true,"href":"https:\/\/www.kithera.gr\/it\/wp-json\/wp\/v2\/comments?post=31310"}],"version-history":[{"count":0,"href":"https:\/\/www.kithera.gr\/it\/wp-json\/wp\/v2\/pages\/31310\/revisions"}],"up":[{"embeddable":true,"href":"https:\/\/www.kithera.gr\/it\/wp-json\/wp\/v2\/pages\/31227"}],"wp:attachment":[{"href":"https:\/\/www.kithera.gr\/it\/wp-json\/wp\/v2\/media?parent=31310"}],"curies":[{"name":"wp","href":"https:\/\/api.w.org\/{rel}","templated":true}]}}