{"id":31291,"date":"2022-12-01T23:30:08","date_gmt":"2022-12-01T21:30:08","guid":{"rendered":"https:\/\/www.kithera.gr\/informazioni-citera\/geografia-natura-citera\/geografia-citera\/"},"modified":"2025-03-12T18:47:21","modified_gmt":"2025-03-12T16:47:21","slug":"geografia-citera","status":"publish","type":"page","link":"https:\/\/www.kithera.gr\/it\/informazioni-citera\/geografia-natura-citera\/geografia-citera\/","title":{"rendered":"Geografia Citera"},"content":{"rendered":"\n<div class=\"page-container\">\n<div class=\"infobox\">\n<h1>Geografia di Citera<\/h1>\n<div class=\"page-img\">\n<img decoding=\"async\" src=\"https:\/\/kithera.gr\/wp-content\/uploads\/2022\/12\/xartis-elladas-4.jpg\" alt=\"Mappa della Grecia\" width=\"1250\" height=\"1081\" title=\"\">\n<\/div>\n<h2>Tra tre mari.<\/h2><br\/>\n<p>Citera si trova nella Grecia meridionale tra tre mari, a sud del Peloponneso e a nord della Creta occidentale, bagnata dal Mar di Mirto a est, dal Mar Ionio a ovest e dal Mar di Creta a sud. <br\/>\nSono lunghe 29 chilometri e larghe 18 chilometri. con una superficie di 277.746 chilometri quadrati, la morfologia dell&#8217;isola \u00e8 un altopiano con due catene montuose principali, a ovest con il pi\u00f9 alto Mermiggaris con un&#8217;altitudine di 550 metri, e a est con il pi\u00f9 alto Monte Digeni con un&#8217;altitudine di 474 m. Queste due catene montuose si diramano in montagne pi\u00f9 piccole, mentre tra di loro ci sono gole profonde, lagades con una ricca vegetazione e sorgenti con molte acque correnti che terminano in bellissime spiagge di piccole e grandi dimensioni. L&#8217;isola ha coste scoscese con una lunghezza di circa 91 chilometri.<br\/>\nLagades con molta acqua esistono vicino a Mylopotamos, Karavas e Mitata, mentre le altre aree si affidano ai pozzi per l&#8217;approvvigionamento idrico. A Mylopotamos ci sono sorgenti con cascate e piccoli laghi, quest&#8217;acqua in passato veniva utilizzata per alimentare i mulini ad acqua, che oggi sono una delle principali attrazioni di Kythira.<br\/>Geograficamente appartengono alle isole Heptani e amministrativamente rientrano nel Pireo. \u00c8 la 15a isola pi\u00f9 grande della Grecia e ha 64 comunit\u00e0, la pi\u00f9 piccola delle quali \u00e8 Viaradika, che in passato era una delle pi\u00f9 grandi. <\/p>\n<\/div>\n\n<div class=\"infobox\">\n<div class=\"page-img\">\n<img decoding=\"async\" src=\"https:\/\/kithera.gr\/wp-content\/uploads\/2022\/11\/Agiografies-spilaio.jpg\" alt=\"Geografia di Citera\" width=\"1200\" height=\"550\" title=\"\">\n<\/div>\n\n<h2>Clima.<\/h2><br\/>\n<p>Il clima di Citera \u00e8 temperato mediterraneo. La temperatura media annuale \u00e8 di circa +20\u00b0C e la quantit\u00e0 media annuale di pioggia (della durata di circa 60 giorni) \u00e8 di 600 mm, la copertura nuvolosa media \u00e8 di 4 e la forza media del vento \u00e8 di circa 3 &#8211; 4 Beaufort con venti prevalenti da nord-est e occidentali. Molte volte durante la primavera, si osserva un vento da ovest-sudovest chiamato &#8220;provenza&#8221;, che raccoglie nuvole basse creando nebbia, dove \u00e8 richiesta particolare attenzione da parte dei marinai. La neve \u00e8 rara cos\u00ec come le temperature inferiori a -4\u00b0C. <\/p>\n<\/div>\n\n<div class=\"infobox\">\n<div class=\"page-img\">\n<img decoding=\"async\" src=\"https:\/\/kithera.gr\/wp-content\/uploads\/2022\/11\/Agios-dimitrios.jpg\" alt=\"Byzantium Kythera\" width=\"1200\" height=\"550\" title=\"\">\n<\/div>\n<h2>Popolazione.<\/h2><br\/>\n<p>Kythira ha una popolazione di 4.041 abitanti, secondo il censimento del 2011. L&#8217;omonima capitale dell&#8217;isola ha 281 abitanti, mentre i villaggi importanti sono Livadi, con 464 abitanti, e Potamos, con 476 abitanti. Il resto degli abitanti si trova in circa 60 piccoli villaggi, sparsi in tutta l&#8217;isola.<br\/>La popolazione di Kythira dopo la sua integrazione in Grecia fino al 1907 \u00e8 rimasta stabile con un leggero aumento. Dal 1920 al 1991 la popolazione \u00e8 diminuita drasticamente. Dal 1991 a oggi, la popolazione di Kythira ha visto un grande aumento. Kythira ha registrato la sua popolazione pi\u00f9 numerosa nel 1879 (13.259) e la pi\u00f9 piccola nel 1991 (3.107). Il pi\u00f9 grande aumento della popolazione si \u00e8 verificato nel 1879 (24,6%) e il pi\u00f9 piccolo nel 1907 (6,5%). Il pi\u00f9 grande calo della popolazione si \u00e8 verificato nel 1920 (25,9%) e il pi\u00f9 piccolo nel 1928 (6,4%). <\/p>\n<\/div>\n\n<div class=\"infobox\">\n<div class=\"page-img\">\n<img decoding=\"async\" src=\"https:\/\/kithera.gr\/wp-content\/uploads\/2022\/11\/katouni.jpg\" alt=\"Anglokratia Kythera\" width=\"1200\" height=\"550\" title=\"\">\n<\/div>\n<h2>Economia.<\/h2><br\/>\n<p>Gli abitanti sono principalmente agricoltori e dipendenti, ma con l&#8217;aumento del turismo e l&#8217;arrivo di coloni semi-permanenti, il baricentro si \u00e8 spostato verso le attivit\u00e0 turistiche e l&#8217;edilizia. I principali prodotti agricoli sono l&#8217;olio e il miele. Dal punto di vista turistico, l&#8217;isola si sta sviluppando. Un contributo alla sua buona reputazione \u00e8 il fatto che il suo sviluppo residenziale avviene in modo controllato senza alterare il ritmo locale.<\/p>\n<\/div>\n<\/div>\n","protected":false},"excerpt":{"rendered":"<p>Geografia di Citera Tra tre mari. Citera si trova nella Grecia meridionale tra tre mari, a sud del Peloponneso e a nord della Creta occidentale, bagnata dal Mar di Mirto a est, dal Mar Ionio a ovest e dal Mar di Creta a sud. Sono lunghe 29 chilometri e larghe 18 chilometri. con una superficie [&hellip;]<\/p>\n","protected":false},"author":1,"featured_media":0,"parent":31239,"menu_order":0,"comment_status":"closed","ping_status":"closed","template":"template\/template-homepage.php","meta":{"footnotes":""},"class_list":["post-31291","page","type-page","status-publish","hentry"],"_links":{"self":[{"href":"https:\/\/www.kithera.gr\/it\/wp-json\/wp\/v2\/pages\/31291","targetHints":{"allow":["GET"]}}],"collection":[{"href":"https:\/\/www.kithera.gr\/it\/wp-json\/wp\/v2\/pages"}],"about":[{"href":"https:\/\/www.kithera.gr\/it\/wp-json\/wp\/v2\/types\/page"}],"author":[{"embeddable":true,"href":"https:\/\/www.kithera.gr\/it\/wp-json\/wp\/v2\/users\/1"}],"replies":[{"embeddable":true,"href":"https:\/\/www.kithera.gr\/it\/wp-json\/wp\/v2\/comments?post=31291"}],"version-history":[{"count":0,"href":"https:\/\/www.kithera.gr\/it\/wp-json\/wp\/v2\/pages\/31291\/revisions"}],"up":[{"embeddable":true,"href":"https:\/\/www.kithera.gr\/it\/wp-json\/wp\/v2\/pages\/31239"}],"wp:attachment":[{"href":"https:\/\/www.kithera.gr\/it\/wp-json\/wp\/v2\/media?parent=31291"}],"curies":[{"name":"wp","href":"https:\/\/api.w.org\/{rel}","templated":true}]}}