{"id":31275,"date":"2022-11-30T11:24:25","date_gmt":"2022-11-30T09:24:25","guid":{"rendered":"https:\/\/www.kithera.gr\/informazioni-citera\/geografia-natura-citera\/flora-citera\/semiarbusti-citera\/"},"modified":"2025-03-20T22:43:03","modified_gmt":"2025-03-20T20:43:03","slug":"semiarbusti-citera","status":"publish","type":"page","link":"https:\/\/www.kithera.gr\/it\/informazioni-citera\/geografia-natura-citera\/flora-citera\/semiarbusti-citera\/","title":{"rendered":"Semiarbusti Citera"},"content":{"rendered":"\n<div class=\"page-container\">\n<div class=\"infobox bg-4\">\n<h1>Semi-arbusti di Citera<\/h1>\n<p>A <a href=\"https:\/\/www.kithera.gr\/it\/\"><strong>Citerra<\/strong><\/a>, a causa del suo rilievo variegato, l&#8217;isola \u00e8 essenzialmente un altopiano elevato con coste scoscese tutt&#8217;intorno, il che crea diverse altitudini, con conseguenti grandi differenze nelle precipitazioni e nelle temperature in molte aree. Queste diverse condizioni locali contribuiscono ad avere una grande variet\u00e0 di piante, cio\u00e8 una flora ricca.\nLe aree cespugliose formano il mosaico caratteristico del paesaggio naturale dell&#8217;isola, costituito da fitti, spesso impenetrabili, gruppi di cespugli, solitamente alti da 1 a 3 m.<\/p>\n<\/div>\n\n\n<div class=\"infobox-photo photo-l\">\n<img decoding=\"async\" src=\"https:\/\/www.kithera.gr\/wp-content\/uploads\/2022\/11\/myrtia.jpg\" alt=\"Myrtia Citera\" width=\"550\" height=\"550\" title=\"\">\n<h2>Mirti<\/h2>\n<p>Il mirto \u00e8 un arbusto sempreverde, la cui altezza pu\u00f2 raggiungere fino a 5 metri. Ha fiori bianchi e il frutto \u00e8 un racemo, quasi sferico o ellissoide. Le sue foglie sono lanceolate, pennate, astringenti e aromatiche. Si propaga per semina o talea. <br>\nSi coltiva all&#8217;aperto, in vaso e in serra. Viene utilizzato in profumeria, nella fabbricazione di cosmetici e in quella farmaceutica. Produce olio essenziale (olio di mirto). Il suo legno resistente viene utilizzato nella lavorazione del legno pregiato e i suoi rami nella cesteria. La pianta era conosciuta fin dall&#8217;antichit\u00e0 e venne citata da Dioscoride. <br>\nIl mirto era glorificato nelle religioni semitiche ed era la pianta sacra di Afrodite di Pafio, la quale, quando emerse nuda dal mare, si nascose dietro un albero di mirto. Il mirto era simbolo di bellezza e giovinezza. Il mirto \u00e8 conosciuto fin dall&#8217;antichit\u00e0, quando veniva utilizzato come pianta ornamentale nei templi. Il mirto \u00e8 anche associato al matrimonio.<\/p>\n<\/div>\n\n<hr>\n\n<div class=\"infobox-photo photo-r\">\n<img decoding=\"async\" src=\"https:\/\/www.kithera.gr\/wp-content\/uploads\/2022\/11\/ereiki.jpg\" alt=\"Semi-arbusti Citera\" width=\"550\" height=\"550\" title=\"\">\n<h2>Erica<\/h2>\n<p>\u00c8 un arbusto basso con foglie piccole (4-8 mm) e lineari. I fiori sono piccoli (3-3,5 mm), campanulati, rosa, con antere con lobi divergenti e sporgenti. Fiorisce in autunno, da fine agosto a inizio novembre, ed \u00e8 una delle caratteristiche (dominante nella regione di Argalasti del Pelio, in Calcidica, ecc.) della vegetazione della macchia mediterranea. <br>\nL&#8217;erica spinosa (Erica manipulliflora), comunemente nota come erica autunnale o erica frusciante, appartiene alla famiglia delle Ericaceae, alla quale appartengono anche l&#8217;erica e il rododendro. \u00c8 una specie mediterranea ristretta, distribuita principalmente nel Mediterraneo centrale e orientale. <\/p>\n<\/div>\n\n<hr>\n\n<div class=\"infobox-photo photo-l\">\n<img decoding=\"async\" src=\"https:\/\/www.kithera.gr\/wp-content\/uploads\/2022\/11\/agioklima.jpg\" alt=\"Caprifoglio\" width=\"550\" height=\"550\" title=\"\">\n<h2>Caprifoglio<\/h2>\n<p>La maggior parte delle specie di Lonicera sono rampicanti resistenti, mentre una minoranza \u00e8 costituita da arbusti.[1] Alcune specie (tra cui la Lonicera hildebrandiana delle propaggini himalayane e la L. etrusca del Mediterraneo) sono sensibili e possono essere coltivate all&#8217;esterno solo nelle zone subtropicali. Le foglie sono opposte, semplici, ovali, lunghe 1 \u2013 10 cm. La maggior parte sono decidue, ma alcune specie sono sempreverdi. <br>\nIl caprifoglio di Citera \u00e8 una pianta da giardino molto apprezzata, perch\u00e9 riesce a coprire muri ed edifici antiestetici, grazie ai suoi abbondanti fiori tubolari all&#8217;inizio dell&#8217;estate e all&#8217;intenso aroma di molte variet\u00e0. Le variet\u00e0 rampicanti pi\u00f9 resistenti necessitano di avere le radici all&#8217;ombra e le cime fiorite alla luce del sole o in ombra molto leggera. <\/p>\n<\/div>\n\n<hr>\n\n<div class=\"infobox-photo photo-r\">\n<img decoding=\"async\" src=\"https:\/\/www.kithera.gr\/wp-content\/uploads\/2022\/11\/aspalathos.jpg\" alt=\"Aperianthus\" width=\"550\" height=\"550\" title=\"\">\n<h2>Aperiranthos<\/h2>\n<p>L&#8217;Apiranthos o apiganos \u00e8 una pianta perenne e aromatica con foglie verde chiaro e piccoli fiori. Prospera nelle zone aride e, grazie al suo forte aroma e alla capacit\u00e0 di tenere lontani gli insetti da alcune colture, \u00e8 adatta ai giardini. A Creta si trova quasi ovunque nelle campagne ed \u00e8 possibile acquistarlo anche nei vivai.\nC&#8217;\u00e8 la credenza che l&#8217;apiganus sia pi\u00f9 forte se si prende un germoglio dal giardino di qualcun altro e ci si assicura che la persona che lo trapianta sia la stessa che lo utilizzer\u00e0 in seguito, perch\u00e9 l&#8217;energia di quella persona rimarr\u00e0 nelle foglie e nello stelo della pianta.\nPer quanto riguarda la sua coltivazione, la tradizione popolare stabilisce alcune regole, ovvero non si dovrebbe piantare questa erba se ci si sente arrabbiati, depressi o ansiosi. <\/p>\n<\/div>\n\n<hr>\n\n<div class=\"infobox-photo photo-l\">\n<img decoding=\"async\" src=\"https:\/\/www.kithera.gr\/wp-content\/uploads\/2022\/11\/astoivi.jpg\" alt=\"Astoivi\" width=\"550\" height=\"550\" title=\"\">\n<h2>Accatastato<\/h2>\n<p>Gli astovi sono un tipo di popolazione frigia che domina molte isole dell&#8217;Egeo. La frigana cresce nella stagione secca.nella maggior parte delle zone della Grecia e fino a un&#8217;altitudine di circa 300 metri. Sono costituiti da arbusti radi e bassi, con foglie piccole e spesso soffici, rami spinosi e sono adatti alla siccit\u00e0 estiva. La loro caratteristica \u00e8 il dimorfismo stagionale (foglie piccole in estate, grandi in inverno), che mostrano per regolare il tasso di perdita di acqua attraverso la traspirazione.\nPoich\u00e9 l&#8217;astovi ha spine e una struttura che ne impedisce il brucamento, molti pastori &#8220;forestalli&#8221; lo considerano un&#8217;erba infestante. Quindi cercano in tutti i modi di limitarlo. Ma per quanto strano possa sembrare, l&#8217;astovi si sta moltiplicando ed espandendo il suo dominio proprio perch\u00e9 viene combattuto. Grazie agli adattamenti che sviluppa per combattere il fuoco tramite i germogli della radice viva, non solo resiste, ma supera facilmente lo shock dell&#8217;incendio con cui gli abitanti delle nostre isole cercano di limitarlo. <\/p>\n<\/div>\n\n<hr>\n\n<div class=\"infobox-photo photo-r\">\n<img decoding=\"async\" src=\"https:\/\/www.kithera.gr\/wp-content\/uploads\/2022\/11\/asfaka.jpg\" alt=\"Asfaka Citera\" width=\"550\" height=\"550\" title=\"\">\n<h2>Asfaka<\/h2>\n<p>L&#8217;asphaka (Phlomis fruticosa), \u00e8 una pianta legnosa-arbustiva della famiglia delle Labiate, ordine delle Labiate.\nCresce principalmente in terreni rocciosi o sassosi e raggiunge un&#8217;altezza massima di un metro e mezzo. A seconda della regione, la fioritura avviene da fine marzo a inizio giugno. I suoi fiori sono di colore giallo e si formano sulla cima della pianta. <br>\nIn passato venivano utilizzati in medicina e per la fabbricazione della polvere da sparo. Le sue propriet\u00e0 medicinali erano note gi\u00e0 agli antichi Greci, che lo utilizzavano per diverse pratiche mediche. Durante la rivoluzione greca del 1921, venne utilizzato per produrre un tipo di polvere da sparo da utilizzare durante la lotta.\nViene utilizzata anche come combustibile, mentre in alcuni paesi, come Germania e Inghilterra, viene utilizzata anche come pianta ornamentale. <\/p>\n<\/div>\n\n<hr>\n\n<div class=\"infobox-photo photo-l\">\n<img decoding=\"async\" src=\"https:\/\/www.kithera.gr\/wp-content\/uploads\/2022\/11\/eouforbia.jpg\" alt=\"Euforbia di Citera\" width=\"550\" height=\"550\" title=\"\">\n<h2>Euforbia<\/h2>\n<p>Euphorbia (nome scientifico: Euphorbia) \u00e8 un vasto genere di piante della famiglia delle Euphorbiaceae, rappresentato in Grecia da oltre 40 specie. Una caratteristica speciale delle euforbie \u00e8 la loro infiorescenza a forma di coppa, motivo per cui vengono chiamate cyathion, dall&#8217;antica parola greca che significa coppa. <br>\nL&#8217;Euphorbia lactea cristata \u00e8 una succulenta facile da coltivare, nata dall&#8217;innesto di due specie. Vale a dire due piante in una! La parte superiore \u00e8 Euphorbia lactea e il suo colore \u00e8 grigio-argento, che pu\u00f2 virare al rossastro se la pianta si trova a suo agio nel suo ambiente. La parte inferiore \u00e8 solitamente Euphorbia neriifolia. La sua forma ricorda il corallo ed \u00e8 nata da una mutazione naturale dell&#8217;Euphorbia lactea ed \u00e8 anche conosciuta come pianta del corallo.<\/p>\n<\/div>\n\n<hr>\n\n<div class=\"infobox-photo photo-r\">\n<img decoding=\"async\" src=\"https:\/\/www.kithera.gr\/wp-content\/uploads\/2022\/11\/gkenista.jpg\" alt=\"Glenitsa\" width=\"550\" height=\"550\" title=\"\">\n<h2>Generali<\/h2>\n<p>La ginestra o afana \u00e8 un arbusto deciduo, compatto e di piccole dimensioni. In primavera produce fiori gialli, aromatici e a forma di bottiglia. I suoi rami ricordano quelli dello sparto. Resistente al freddo intenso, senza particolari esigenze pedoclimatiche.<br>\nA Citera, la Genista, o Afana, \u00e8 un arbusto ornamentale, la cui altezza pu\u00f2 variare dai 10 centimetri al mezzo metro. La sua larghezza parte da 50 centimetri e pu\u00f2 raggiungere fino a 1 metro di lunghezza. Ci vorranno dai 5 ai 10 anni per raggiungere le sue dimensioni finali, dopodich\u00e9 non crescer\u00e0 in modo significativo.\nIl suo fogliame verde \u00e8 sostenuto da germogli fortemente ramificati, anch&#8217;essi verdi, che si intrecciano tra loro formando piccole masse a ciuffo. Composto da piccole e semplici foglie verdi, ha un aspetto rado, creando un caratteristico aspetto cespuglioso.\nI fiori dell&#8217;aphana compaiono all&#8217;inizio dell&#8217;estate. Di colore giallo brillante, numerosi insieme, ai bordi del fogliame, hanno la forma di un fiore di fagiolo, mentre spesso sono cos\u00ec numerosi da ricoprirne lo scheletro verde. <\/p>\n<\/div>\n\n<hr>\n\n<div class=\"infobox-photo photo-l\">\n<img decoding=\"async\" src=\"https:\/\/www.kithera.gr\/wp-content\/uploads\/2022\/11\/sxoino.jpg\" alt=\"Corda di Citera\" width=\"550\" height=\"550\" title=\"\">\n<h2>Schinos<\/h2>\n<p>Lo Schinos, originario degli arbusti naturali del Mediterraneo, \u00e8 un arbusto sempreverde robusto e di grande crescita. Ha un fogliame verde scuro ed estremamente denso, bellissimi fiori rossi che compaiono dalla tarda primavera all&#8217;inizio dell&#8217;estate e frutti neri nella fase di maturazione. \u00c8 una pianta particolarmente facile da coltivare, molto resistente ai parassiti e alle malattie e che non richiede quasi nessuna cura. <br>\nLo Schinos, pianta integrante del paesaggio mediterraneo, viene sfruttatosia nell&#8217;orticoltura che nell&#8217;architettura del paesaggio, e perfino in luoghi dove sopravvivono poche piante, come quelli situati vicino o vicino al mare. <\/p>\n<\/div>\n\n<hr>\n\n<div class=\"infobox-photo photo-r\">\n<img decoding=\"async\" src=\"https:\/\/www.kithera.gr\/wp-content\/uploads\/2022\/11\/agielia.jpg\" alt=\"Agrielia\" width=\"550\" height=\"550\" title=\"\">\n<h2>Agrielia<\/h2>\n<p>L&#8217;olivo selvatico si trova naturalmente nella zona delle foreste sempreverdi e latifoglie e costituisce una popolazione con numerose varianti. I suoi rami sono numerosi, piccoli e duri, pi\u00f9 o meno spinosi e piuttosto angolosi (storti).\nIl tronco \u00e8 spesso, ruvido, spesso contorto, curvo o sinuoso. In rari casi di alberi secolari, la loro altezza pu\u00f2 raggiungere anche i 15 metri. La corteccia \u00e8 di colore grigio cenere e inizialmente, negli alberi giovani, \u00e8 liscia. Con il passare del tempo si formano delle protuberanze e la lesione diventa nodulare. Le foglie sono piccole e dure, con piccioli corti, disposte in modo opposto, coriacee e con margini lisci. Hanno forma lanceolata, ellittica, arrotondata o ovale e il loro colore sulla pagina superiore \u00e8 verde scuro.\nIn epoca classica veniva anche chiamato Kotinos, come la corona realizzata con i suoi rami, con cui veniva incoronato il vincitore nei giochi olimpici dell&#8217;antichit\u00e0. <\/p>\n<\/div>\n\n<\/div>\n","protected":false},"excerpt":{"rendered":"<p>Semi-arbusti di Citera A Citerra, a causa del suo rilievo variegato, l&#8217;isola \u00e8 essenzialmente un altopiano elevato con coste scoscese tutt&#8217;intorno, il che crea diverse altitudini, con conseguenti grandi differenze nelle precipitazioni e nelle temperature in molte aree. Queste diverse condizioni locali contribuiscono ad avere una grande variet\u00e0 di piante, cio\u00e8 una flora ricca. Le [&hellip;]<\/p>\n","protected":false},"author":1,"featured_media":0,"parent":31245,"menu_order":0,"comment_status":"closed","ping_status":"closed","template":"template\/template-homepage.php","meta":{"footnotes":""},"class_list":["post-31275","page","type-page","status-publish","hentry"],"_links":{"self":[{"href":"https:\/\/www.kithera.gr\/it\/wp-json\/wp\/v2\/pages\/31275","targetHints":{"allow":["GET"]}}],"collection":[{"href":"https:\/\/www.kithera.gr\/it\/wp-json\/wp\/v2\/pages"}],"about":[{"href":"https:\/\/www.kithera.gr\/it\/wp-json\/wp\/v2\/types\/page"}],"author":[{"embeddable":true,"href":"https:\/\/www.kithera.gr\/it\/wp-json\/wp\/v2\/users\/1"}],"replies":[{"embeddable":true,"href":"https:\/\/www.kithera.gr\/it\/wp-json\/wp\/v2\/comments?post=31275"}],"version-history":[{"count":0,"href":"https:\/\/www.kithera.gr\/it\/wp-json\/wp\/v2\/pages\/31275\/revisions"}],"up":[{"embeddable":true,"href":"https:\/\/www.kithera.gr\/it\/wp-json\/wp\/v2\/pages\/31245"}],"wp:attachment":[{"href":"https:\/\/www.kithera.gr\/it\/wp-json\/wp\/v2\/media?parent=31275"}],"curies":[{"name":"wp","href":"https:\/\/api.w.org\/{rel}","templated":true}]}}