{"id":31239,"date":"2022-11-23T19:43:30","date_gmt":"2022-11-23T17:43:30","guid":{"rendered":"https:\/\/www.kithera.gr\/informazioni-su-citera\/geografia-natura-citera\/"},"modified":"2025-03-21T20:50:17","modified_gmt":"2025-03-21T18:50:17","slug":"geografia-natura-citera","status":"publish","type":"page","link":"https:\/\/www.kithera.gr\/it\/informazioni-citera\/geografia-natura-citera\/","title":{"rendered":"Geografia ~ Natura Citera"},"content":{"rendered":"\n<div class=\"page-container\">  \n<div class=\"infobox bg-1\"> \n<h1>Geografia ~ Natura di Citera<\/h1> \n<p>Tra tre mari, Kythira o altrimenti Tsirigo, o Porphyrousa nell&#8217;antichit\u00e0, si trovano a sud del Peloponneso e a nord di Creta occidentale, bagnate dal Mar Myrtoan a est, dal Mar Ionio a ovest e dal Mar di Creta a sud. <br\/> Hanno una superficie di 2.450 kmq, e la morfologia dell&#8217;isola \u00e8 un altopiano con due gruppi montuosi principali, ad ovest con il pi\u00f9 alto dei Mermiggari con un&#8217;altitudine di 550 metri, e ad est con il pi\u00f9 alto del Monte Digeni con un&#8217;altitudine di 474 M. L&#8217;isola ha coste ripide con una lunghezza di circa 91 chilometri. Lagate con ricca vegetazione e sorgenti con molta acqua corrente conducono a bellissime spiagge di piccole e grandi dimensioni.<br\/> Il clima dell&#8217;isola \u00e8 mediterraneo temperato con inverno ed estate miti e umidit\u00e0 relativamente elevata trasportata dal Mar Ionio creando condizioni favorevoli per la flora e la fauna dell&#8217;isola. <br\/> L&#8217;isola ha registrato la pi\u00f9 grande variet\u00e0 di erbe in Grecia, anche sulla base dei dati della societ\u00e0 ornitologica, \u00e8 una tappa fondamentale per gli uccelli migratori nel loro viaggio verso sud verso climi pi\u00f9 caldi. <br\/> Geograficamente appartengono alle Isole Ionie e amministrativamente sono sotto il Pireo. \u00c8 la quindicesima isola pi\u00f9 grande della Grecia e conta 64 comunit\u00e0.<\/p> \n<\/div>\n\n<div class=\"masonry-wrapper\">  \n<div class=\"normal img-overlay\"><img decoding=\"async\" src=\"https:\/\/kithera.gr\/wp-content\/uploads\/2022\/11\/Xlorida-kythira.jpg\" alt=\"Flora citera\" title=\"\"> \n<div class=\"box\"> \n<h3>FLORA<\/h3> \n<p>Alberi, arbusti, fiori, erbe \u27bc<\/p> <\/div>\n<a class=\"masonry_link\" href=\"https:\/\/www.kithera.gr\/it\/informazioni-citera\/geografia-natura-citera\/flora-citera\/\"><\/a>\n<\/div>\n\n<div class=\"normal img-overlay\"><img decoding=\"async\" src=\"https:\/\/kithera.gr\/wp-content\/uploads\/2022\/11\/Panida-kythiron.jpg\" alt=\"Geografia Natura Citera\" title=\"\"> \n<div class=\"box\"> \n<h3>FAUNA<\/h3> \n<p>Gli uccelli migratori e residenti sull&#8217;isola \u27bc<\/p> <\/div>\n<a class=\"masonry_link\" href=\"https:\/\/www.kithera.gr\/it\/informazioni-citera\/geografia-natura-citera\/fauna-citera\/\"><\/a>\n<\/div>\n\n<div class=\"normal img-overlay\"><img decoding=\"async\" src=\"https:\/\/kithera.gr\/wp-content\/uploads\/2022\/11\/Geografia-kythiron.jpg\" alt=\"geografia citera\" title=\"\"> \n<div class=\"box\"> \n<h3>GEOGRAFIA<\/h3> \n<p>Sulla geografia dell&#8217;isola. \u27bc<\/p> <\/div>\n<a class=\"masonry_link\" href=\"https:\/\/www.kithera.gr\/it\/informazioni-citera\/geografia-natura-citera\/geografia-citera\/\"><\/a><br\/><\/div>\n<\/div><!-- masonry-wrapper -->\n<\/div>\n","protected":false},"excerpt":{"rendered":"<p>Geografia ~ Natura di Citera Tra tre mari, Kythira o altrimenti Tsirigo, o Porphyrousa nell&#8217;antichit\u00e0, si trovano a sud del Peloponneso e a nord di Creta occidentale, bagnate dal Mar Myrtoan a est, dal Mar Ionio a ovest e dal Mar di Creta a sud. Hanno una superficie di 2.450 kmq, e la morfologia dell&#8217;isola [&hellip;]<\/p>\n","protected":false},"author":1,"featured_media":0,"parent":31227,"menu_order":0,"comment_status":"closed","ping_status":"closed","template":"template\/template-homepage.php","meta":{"footnotes":""},"class_list":["post-31239","page","type-page","status-publish","hentry"],"_links":{"self":[{"href":"https:\/\/www.kithera.gr\/it\/wp-json\/wp\/v2\/pages\/31239","targetHints":{"allow":["GET"]}}],"collection":[{"href":"https:\/\/www.kithera.gr\/it\/wp-json\/wp\/v2\/pages"}],"about":[{"href":"https:\/\/www.kithera.gr\/it\/wp-json\/wp\/v2\/types\/page"}],"author":[{"embeddable":true,"href":"https:\/\/www.kithera.gr\/it\/wp-json\/wp\/v2\/users\/1"}],"replies":[{"embeddable":true,"href":"https:\/\/www.kithera.gr\/it\/wp-json\/wp\/v2\/comments?post=31239"}],"version-history":[{"count":0,"href":"https:\/\/www.kithera.gr\/it\/wp-json\/wp\/v2\/pages\/31239\/revisions"}],"up":[{"embeddable":true,"href":"https:\/\/www.kithera.gr\/it\/wp-json\/wp\/v2\/pages\/31227"}],"wp:attachment":[{"href":"https:\/\/www.kithera.gr\/it\/wp-json\/wp\/v2\/media?parent=31239"}],"curies":[{"name":"wp","href":"https:\/\/api.w.org\/{rel}","templated":true}]}}